{"id":40,"date":"2020-09-30T11:11:56","date_gmt":"2020-09-30T08:11:56","guid":{"rendered":"https:\/\/mafnu.tfo.k12.tr\/?page_id=40"},"modified":"2020-10-02T14:24:24","modified_gmt":"2020-10-02T11:24:24","slug":"inscriptions","status":"publish","type":"page","link":"https:\/\/mafnu.tfo.k12.tr\/?page_id=40","title":{"rendered":"INSCRIPTIONS"},"content":{"rendered":"\n<div class=\"wp-block-columns is-layout-flex wp-container-3 wp-block-columns-is-layout-flex\">\n<div class=\"wp-block-column is-layout-flow wp-block-column-is-layout-flow\" style=\"flex-basis:66.66%\">\n<h3 class=\"wp-block-heading\" id=\"block-1922d7c6-c588-4706-a23c-1ba6db6f2d4d\" style=\"font-size:40px\"><em>Inscrivez-vous<\/em><br><em>pour le MAFNU 2019 !!!<\/em><\/h3>\n<\/div>\n\n\n\n<div class=\"wp-block-column is-layout-flow wp-block-column-is-layout-flow\" style=\"flex-basis:33.33%\">\n<figure class=\"wp-block-image size-large\"><img decoding=\"async\" loading=\"lazy\" width=\"244\" height=\"233\" src=\"https:\/\/mafnu.tfo.k12.tr\/wp-content\/uploads\/2020\/09\/mafnu-logo-big.jpg\" alt=\"mafnu\" class=\"wp-image-182\"\/><\/figure>\n<\/div>\n<\/div>\n\n\n\n<h3 class=\"has-medium-font-size wp-block-heading\"><em>Vous d\u00e9sirez vous inscrire \u00e0 la deuxi\u00e8me\u00a0session du MAFNU coll\u00e8ge 2019. Vous devrez ouvrir et compl\u00e9ter chaque partie de cet onglet afin de valider\u00a0votre inscription.\u00a0<\/em><\/h3>\n\n\n\n<p><\/p>\n","protected":false},"excerpt":{"rendered":"Inscrivez-vouspour le MAFNU 2019 !!! Vous d\u00e9sirez vous inscrire \u00e0 la deuxi\u00e8me\u00a0session du MAFNU coll\u00e8ge 2019. Vous devrez ouvrir et compl\u00e9ter chaque partie \n<a class=\"moretag\" href=\"https:\/\/mafnu.tfo.k12.tr\/?page_id=40\"> [...]<\/a>","protected":false},"author":1,"featured_media":0,"parent":0,"menu_order":0,"comment_status":"closed","ping_status":"closed","template":"layouts\/fullwidth.php","meta":{"footnotes":""},"_links":{"self":[{"href":"https:\/\/mafnu.tfo.k12.tr\/index.php?rest_route=\/wp\/v2\/pages\/40"}],"collection":[{"href":"https:\/\/mafnu.tfo.k12.tr\/index.php?rest_route=\/wp\/v2\/pages"}],"about":[{"href":"https:\/\/mafnu.tfo.k12.tr\/index.php?rest_route=\/wp\/v2\/types\/page"}],"author":[{"embeddable":true,"href":"https:\/\/mafnu.tfo.k12.tr\/index.php?rest_route=\/wp\/v2\/users\/1"}],"replies":[{"embeddable":true,"href":"https:\/\/mafnu.tfo.k12.tr\/index.php?rest_route=%2Fwp%2Fv2%2Fcomments&post=40"}],"version-history":[{"count":2,"href":"https:\/\/mafnu.tfo.k12.tr\/index.php?rest_route=\/wp\/v2\/pages\/40\/revisions"}],"predecessor-version":[{"id":360,"href":"https:\/\/mafnu.tfo.k12.tr\/index.php?rest_route=\/wp\/v2\/pages\/40\/revisions\/360"}],"wp:attachment":[{"href":"https:\/\/mafnu.tfo.k12.tr\/index.php?rest_route=%2Fwp%2Fv2%2Fmedia&parent=40"}],"curies":[{"name":"wp","href":"https:\/\/api.w.org\/{rel}","templated":true}]}}