{"id":41,"date":"2020-09-30T11:11:56","date_gmt":"2020-09-30T08:11:56","guid":{"rendered":"https:\/\/mafnu.tfo.k12.tr\/?page_id=41"},"modified":"2020-10-02T14:38:53","modified_gmt":"2020-10-02T11:38:53","slug":"informations","status":"publish","type":"page","link":"https:\/\/mafnu.tfo.k12.tr\/?page_id=41","title":{"rendered":"INFORMATIONS"},"content":{"rendered":"\n<div class=\"wp-block-columns is-layout-flex wp-container-3 wp-block-columns-is-layout-flex\">\n<div class=\"wp-block-column is-layout-flow wp-block-column-is-layout-flow\" style=\"flex-basis:66.66%\">\n<p class=\"has-medium-font-size\"><em>Vous trouverez dans cette partie toutes les informations relatives au d\u00e9roulement de la deuxi\u00e8me session du MAFNU coll\u00e8ge 2019.<\/em><\/p>\n<\/div>\n\n\n\n<div class=\"wp-block-column is-layout-flow wp-block-column-is-layout-flow\" style=\"flex-basis:33.33%\">\n<figure class=\"wp-block-image size-large\"><img decoding=\"async\" loading=\"lazy\" width=\"244\" height=\"233\" src=\"https:\/\/mafnu.tfo.k12.tr\/wp-content\/uploads\/2020\/09\/mafnu-logo-big.jpg\" alt=\"mafnu\" class=\"wp-image-182\"\/><\/figure>\n<\/div>\n<\/div>\n","protected":false},"excerpt":{"rendered":"Vous trouverez dans cette partie toutes les informations relatives au d\u00e9roulement de la deuxi\u00e8me session du MAFNU coll\u00e8ge 2019.\n<a class=\"moretag\" href=\"https:\/\/mafnu.tfo.k12.tr\/?page_id=41\"> [...]<\/a>","protected":false},"author":1,"featured_media":0,"parent":0,"menu_order":0,"comment_status":"closed","ping_status":"closed","template":"layouts\/fullwidth.php","meta":{"footnotes":""},"_links":{"self":[{"href":"https:\/\/mafnu.tfo.k12.tr\/index.php?rest_route=\/wp\/v2\/pages\/41"}],"collection":[{"href":"https:\/\/mafnu.tfo.k12.tr\/index.php?rest_route=\/wp\/v2\/pages"}],"about":[{"href":"https:\/\/mafnu.tfo.k12.tr\/index.php?rest_route=\/wp\/v2\/types\/page"}],"author":[{"embeddable":true,"href":"https:\/\/mafnu.tfo.k12.tr\/index.php?rest_route=\/wp\/v2\/users\/1"}],"replies":[{"embeddable":true,"href":"https:\/\/mafnu.tfo.k12.tr\/index.php?rest_route=%2Fwp%2Fv2%2Fcomments&post=41"}],"version-history":[{"count":2,"href":"https:\/\/mafnu.tfo.k12.tr\/index.php?rest_route=\/wp\/v2\/pages\/41\/revisions"}],"predecessor-version":[{"id":375,"href":"https:\/\/mafnu.tfo.k12.tr\/index.php?rest_route=\/wp\/v2\/pages\/41\/revisions\/375"}],"wp:attachment":[{"href":"https:\/\/mafnu.tfo.k12.tr\/index.php?rest_route=%2Fwp%2Fv2%2Fmedia&parent=41"}],"curies":[{"name":"wp","href":"https:\/\/api.w.org\/{rel}","templated":true}]}}