{"id":55,"date":"2020-09-30T12:00:55","date_gmt":"2020-09-30T09:00:55","guid":{"rendered":"https:\/\/mafnu.tfo.k12.tr\/?page_id=55"},"modified":"2025-02-17T21:39:13","modified_gmt":"2025-02-17T18:39:13","slug":"bienvenue","status":"publish","type":"page","link":"https:\/\/mafnu.tfo.k12.tr\/?page_id=55","title":{"rendered":"BIENVENUE"},"content":{"rendered":"\n<p class=\"has-text-align-center\">samedi 08 et dimanche 09\u00a0mars 2025<\/p>\n\n\n\n<p class=\"has-text-align-center\" style=\"font-size:40px\">MAFNU coll\u00e8ge<\/p>\n\n\n\n<p class=\"has-text-align-center has-medium-font-size\">Mod\u00e8le Ankariote Francophone des Nations Unies<\/p>\n\n\n<div class=\"wp-block-image\">\n<figure class=\"aligncenter size-large\"><img decoding=\"async\" loading=\"lazy\" width=\"244\" height=\"233\" src=\"https:\/\/mafnu.tfo.k12.tr\/wp-content\/uploads\/2020\/09\/mafnu-logo-big.jpg\" alt=\"mafnu\" class=\"wp-image-182\"\/><\/figure><\/div>\n\n\n<p class=\"has-text-align-center has-medium-font-size\"><em>Biodiversit\u00e9 : la lutte a commenc\u00e9 !!!<\/em><\/p>\n\n\n\n<div class=\"wp-block-group is-layout-flow wp-block-group-is-layout-flow\"><div class=\"wp-block-group__inner-container\">\n<pre class=\"wp-block-code\"><code>        Le Mod\u00e8le Ankariote Francophone des Nations Unies coll\u00e8ge est une conf\u00e9rence en fran\u00e7ais organis\u00e9e par des \u00e9l\u00e8ves de lyc\u00e9e pour des \u00e9l\u00e8ves de coll\u00e8ge. En effet, des lyc\u00e9ens de notre \u00e9tablissement sont en charge de toute l\u2019organisation de la conf\u00e9rence. Quant \u00e0 l\u2019\u00c9tat-major, des \u00e9l\u00e8ves de notre lyc\u00e9e mais aussi d\u2019autres \u00e9tablissements turcs auront la responsabilit\u00e9 de r\u00e9diger et de v\u00e9rifier les rapports sous le contr\u00f4le des conseillers de notre \u00e9tablissement, de faciliter les \u00e9changes entre les d\u00e9l\u00e9gu\u00e9s.\n        Notre projet \u00e9ducatif a pour objectif de sensibiliser les coll\u00e9giens aux grands enjeux mondiaux, de leur offrir la possibilit\u00e9 de d\u00e9battre sur des probl\u00e9matiques actuelles et d\u2019endosser durant deux jours le r\u00f4le d\u2019un d\u00e9l\u00e9gu\u00e9 des Nations Unies. Afin de cr\u00e9er une certaine \u00e9mulation et d\u2019assister \u00e0 des \u00e9changes plus fructueux, chaque d\u00e9l\u00e9gation sera compos\u00e9e de deux repr\u00e9sentants.\n        Avant de participer \u00e0 la conf\u00e9rence, les \u00e9l\u00e8ves doivent effectuer un travail de recherche approfondi sur la th\u00e9matique de leur commission et ainsi conna\u00eetre exactement la position du pays qu\u2019ils repr\u00e9sentent afin de la d\u00e9fendre au mieux durant la simulation. Puis, apr\u00e8s avoir lu attentivement le rapport concernant leur probl\u00e9matique, nos apprenants diplomates doivent r\u00e9diger une r\u00e9solution comprenant au moins TROIS clauses de pr\u00e9ambule et TROIS clauses op\u00e9ratoires.\n        Cette ann\u00e9e, notre conf\u00e9rence comprendra sept commissions en fran\u00e7ais et une en anglais :\n        - le Conseil historique\n        - la commission D\u00e9sarmement\n        - la Commission SOCHUM (Bilingue : fran\u00e7ais et anglais)\n        - la Commission du d\u00e9veloppement durable\n        - la Commission UNESCO\n        - la Commission sur la sant\u00e9\n        - la Commission UNICEF (en fran\u00e7ais et en anglais)\n        - la Commission SOCHMUN (en anglais)\n        - les 4 Commissions \" LES BENJAMINS\"\n\n\n\n        Un sujet et au moins deux r\u00e9solutions seront d\u00e9battus dans chaque commission durant la conf\u00e9rence.\n        La probl\u00e9matique de cette ann\u00e9e est \u00ab Biodiversit\u00e9 : la lutte a commenc\u00e9 !!! \u00bb.\n        Tous les coll\u00e8ges francophones ou ayant une section francophone de Turquie sont invit\u00e9s \u00e0 participer \u00e0 cette cinqui\u00e8me \u00e9dition du MAFNU coll\u00e8ge. Des \u00e9l\u00e8ves d\u2019autres pays seront aussi pr\u00e9sents.<\/code><\/pre>\n\n\n\n<div class=\"wp-block-group is-layout-flow wp-block-group-is-layout-flow\"><div class=\"wp-block-group__inner-container\">\n<pre class=\"wp-block-code\"><code><strong>SUJETS \u00c0 D\u00c9BATTRE<\/strong>\n\nCOMIT\u00c9 DE D\u00c9SARMEMENT\nComment interdire l'utilisation d'armes chimiques et nucl\u00e9aires afin de pr\u00e9server la biodiversit\u00e9 ?\n\nCONSEIL HISTORIQUE\nLa catastrophe de Tchernobyl et le forum sur la biodiversit\u00e9 de 1986 \n\nCOMMISSION ECOSOC\nComment agir au niveau \u00e9conomique pour pr\u00e9server la biodiversit\u00e9 ?\n\nCOMMISSION DU D\u00c9VELOPPEMENT DURABLE\nComment lutter contre le d\u00e9r\u00e8glement climatique afin de pr\u00e9server la biodiversit\u00e9 ?\n\nCOMMISSION UNESCO\nComment prot\u00e9ger les esp\u00e8ces animales en voie d'extinction ?\n\nCOMMISSION SUR LA SANT\u00c9\nComment pr\u00e9server la biodiversit\u00e9 pour lutter contre les \u00e9pid\u00e9mies, les zoonoses et faire avancer la recherche m\u00e9dicale ?\n\nCOMMISSION UNICEF\nComment \u00e9duquer et sensibiliser les enfants \u00e0 la biodiversit\u00e9 ?\n\nCOMMISSION LES BENJAMINS\nComment prot\u00e9ger les esp\u00e8ces animales en voie d'extinction ?<\/code><\/pre>\n\n\n\n<pre class=\"wp-block-code\"><code>MODALIT\u00c9S D\u2019INSCRIPTION\nDATE LIMITE D\u2019INSCRPTION : 28 f\u00e9vrier 2025\n\u200b\n        Pour tout renseignement compl\u00e9mentaire, vous pouvez contacter Mme C\u00e9line Toussaint-Riera, Directrice de la conf\u00e9rence \u00e0 l\u2019adresse suivante: mafnu.college@gmail.com<\/code><\/pre>\n\n\n\n<p style=\"font-size:24px\">MODALIT\u00c9S D\u2019INSCRIPTION<\/p>\n\n\n\n<p class=\"has-medium-font-size\">DATE LIMITE D\u2019INSCRPTION : 31 janvier 2025<\/p>\n\n\n\n<p>        Pour tout renseignement compl\u00e9mentaire, vous pouvez contacter Mme C\u00e9line Toussaint-Riera, Directrice de la conf\u00e9rence \u00e0 l\u2019adresse suivante : mafnu.college@gmail.com<\/p>\n<\/div><\/div>\n<\/div><\/div>\n","protected":false},"excerpt":{"rendered":"samedi 08 et dimanche 09\u00a0mars 2025 MAFNU coll\u00e8ge Mod\u00e8le Ankariote Francophone des Nations Unies Biodiversit\u00e9 : la lutte a commenc\u00e9 !!! MODALIT\u00c9S D\u2019INSCRIPTION \n<a class=\"moretag\" href=\"https:\/\/mafnu.tfo.k12.tr\/?page_id=55\"> [...]<\/a>","protected":false},"author":1,"featured_media":0,"parent":0,"menu_order":0,"comment_status":"closed","ping_status":"closed","template":"layouts\/fullwidth.php","meta":{"footnotes":""},"_links":{"self":[{"href":"https:\/\/mafnu.tfo.k12.tr\/index.php?rest_route=\/wp\/v2\/pages\/55"}],"collection":[{"href":"https:\/\/mafnu.tfo.k12.tr\/index.php?rest_route=\/wp\/v2\/pages"}],"about":[{"href":"https:\/\/mafnu.tfo.k12.tr\/index.php?rest_route=\/wp\/v2\/types\/page"}],"author":[{"embeddable":true,"href":"https:\/\/mafnu.tfo.k12.tr\/index.php?rest_route=\/wp\/v2\/users\/1"}],"replies":[{"embeddable":true,"href":"https:\/\/mafnu.tfo.k12.tr\/index.php?rest_route=%2Fwp%2Fv2%2Fcomments&post=55"}],"version-history":[{"count":8,"href":"https:\/\/mafnu.tfo.k12.tr\/index.php?rest_route=\/wp\/v2\/pages\/55\/revisions"}],"predecessor-version":[{"id":442,"href":"https:\/\/mafnu.tfo.k12.tr\/index.php?rest_route=\/wp\/v2\/pages\/55\/revisions\/442"}],"wp:attachment":[{"href":"https:\/\/mafnu.tfo.k12.tr\/index.php?rest_route=%2Fwp%2Fv2%2Fmedia&parent=55"}],"curies":[{"name":"wp","href":"https:\/\/api.w.org\/{rel}","templated":true}]}}