{"id":56,"date":"2020-09-30T12:00:55","date_gmt":"2020-09-30T09:00:55","guid":{"rendered":"https:\/\/mafnu.tfo.k12.tr\/?page_id=56"},"modified":"2020-10-01T11:54:06","modified_gmt":"2020-10-01T08:54:06","slug":"lettre-du-secretariat-general","status":"publish","type":"page","link":"https:\/\/mafnu.tfo.k12.tr\/?page_id=56","title":{"rendered":"LETTRE DU SECR\u00c9TARIAT G\u00c9N\u00c9RAL"},"content":{"rendered":"\n<div class=\"wp-block-group\"><div class=\"wp-block-group__inner-container is-layout-flow wp-block-group-is-layout-flow\">\n<p class=\"has-text-align-center\" style=\"font-size:24px\"><strong>Samedi 12&nbsp;et dimanche 13&nbsp;janvier 2019<\/strong><br><strong>MAFNU&nbsp;coll\u00e8ge<\/strong><br><strong>Mod\u00e8le Ankariote Francophone des Nations Unies<\/strong><\/p>\n<\/div><\/div>\n\n\n\n<div class=\"wp-block-group\"><div class=\"wp-block-group__inner-container is-layout-flow wp-block-group-is-layout-flow\">\n<div class=\"wp-block-image\"><figure class=\"aligncenter size-large\"><img decoding=\"async\" loading=\"lazy\" width=\"244\" height=\"233\" src=\"https:\/\/mafnu.tfo.k12.tr\/wp-content\/uploads\/2020\/09\/mafnu-logo-big.jpg\" alt=\"mafnu\" class=\"wp-image-182\"\/><\/figure><\/div>\n<\/div><\/div>\n\n\n\n<figure class=\"wp-block-pullquote\"><blockquote><p><strong><em>\u00ab\u00a0Agissez comme s\u2019il \u00e9tait impossible d\u2019\u00e9chouer\u00a0!\u00a0\u00bb<\/em><\/strong><\/p><cite>Winston Churchill<\/cite><\/blockquote><\/figure>\n\n\n\n<pre class=\"wp-block-code\"><code>     Le Mod\u00e8le Ankariote Francophone des Nations Unies coll\u00e8ge est une conf\u00e9rence en fran\u00e7ais organis\u00e9e par des \u00e9l\u00e8ves de lyc\u00e9e pour des \u00e9l\u00e8ves de coll\u00e8ge. En effet, des lyc\u00e9ens de notre \u00e9tablissement sont en charge de toute l\u2019organisation de la conf\u00e9rence. Quant \u00e0 l\u2019\u00c9tat-major, des \u00e9l\u00e8ves de notre lyc\u00e9e mais aussi d\u2019autres \u00e9tablissements turcs auront la responsabilit\u00e9 de r\u00e9diger et de v\u00e9rifier les rapports sous le contr\u00f4le des conseillers de notre \u00e9tablissement, de faciliter les \u00e9changes entre les d\u00e9l\u00e9gu\u00e9s.\n\n      Notre projet \u00e9ducatif a pour objectif de sensibiliser les coll\u00e9giens aux grands enjeux mondiaux, de leur offrir la possibilit\u00e9 de d\u00e9battre sur des probl\u00e9matiques actuelles et d\u2019endosser durant deux jours le r\u00f4le d\u2019un d\u00e9l\u00e9gu\u00e9 des Nations Unies. Afin de cr\u00e9er une certaine \u00e9mulation et d\u2019assister \u00e0 des \u00e9changes plus fructueux, chaque d\u00e9l\u00e9gation sera compos\u00e9e de deux repr\u00e9sentants.\n\n    Avant de participer \u00e0 la conf\u00e9rence, les \u00e9l\u00e8ves doivent effectuer un travail de recherche approfondi sur la th\u00e9matique de leur commission afin de conna\u00eetre exactement la position du pays qu\u2019ils repr\u00e9sentent afin de la d\u00e9fendre au mieux durant la simulation. Puis, apr\u00e8s avoir lu attentivement le rapport concernant leur probl\u00e9matique, nos apprenants diplomates doivent aussi obtenir un grand nombre de renseignements afin d\u2019\u00eatre capable de r\u00e9diger un TPG (Texte de Politique G\u00e9n\u00e9rale) et une r\u00e9solution comprenant au moins DEUX clauses de pr\u00e9ambule et DEUX clauses op\u00e9ratoires.\n\n       Cette ann\u00e9e, notre conf\u00e9rence comprendra six commissions en fran\u00e7ais et une commission en anglais:\n\n       Un sujet et au moins deux r\u00e9solutions seront d\u00e9battus dans chaque commission durant la conf\u00e9rence.\n\n       La probl\u00e9matique de cette ann\u00e9e n'a pas encore \u00e9t\u00e9 d\u00e9finie. Nous vous tiendrons au courant dans les semaines \u00e0 venir.\n\n       Bien cordialement.\n\n\nIrem TARCAN, Secr\u00e9taire G\u00e9n\u00e9rale du MAFNU 2019<\/code><\/pre>\n","protected":false},"excerpt":{"rendered":"Samedi 12&nbsp;et dimanche 13&nbsp;janvier 2019MAFNU&nbsp;coll\u00e8geMod\u00e8le Ankariote Francophone des Nations Unies \u00ab\u00a0Agissez comme s\u2019il \u00e9tait impossible d\u2019\u00e9chouer\u00a0!\u00a0\u00bb Winston Churchill\n<a class=\"moretag\" href=\"https:\/\/mafnu.tfo.k12.tr\/?page_id=56\"> [...]<\/a>","protected":false},"author":1,"featured_media":0,"parent":0,"menu_order":0,"comment_status":"closed","ping_status":"closed","template":"layouts\/fullwidth.php","meta":{"footnotes":""},"_links":{"self":[{"href":"https:\/\/mafnu.tfo.k12.tr\/index.php?rest_route=\/wp\/v2\/pages\/56"}],"collection":[{"href":"https:\/\/mafnu.tfo.k12.tr\/index.php?rest_route=\/wp\/v2\/pages"}],"about":[{"href":"https:\/\/mafnu.tfo.k12.tr\/index.php?rest_route=\/wp\/v2\/types\/page"}],"author":[{"embeddable":true,"href":"https:\/\/mafnu.tfo.k12.tr\/index.php?rest_route=\/wp\/v2\/users\/1"}],"replies":[{"embeddable":true,"href":"https:\/\/mafnu.tfo.k12.tr\/index.php?rest_route=%2Fwp%2Fv2%2Fcomments&post=56"}],"version-history":[{"count":7,"href":"https:\/\/mafnu.tfo.k12.tr\/index.php?rest_route=\/wp\/v2\/pages\/56\/revisions"}],"predecessor-version":[{"id":217,"href":"https:\/\/mafnu.tfo.k12.tr\/index.php?rest_route=\/wp\/v2\/pages\/56\/revisions\/217"}],"wp:attachment":[{"href":"https:\/\/mafnu.tfo.k12.tr\/index.php?rest_route=%2Fwp%2Fv2%2Fmedia&parent=56"}],"curies":[{"name":"wp","href":"https:\/\/api.w.org\/{rel}","templated":true}]}}