{"id":57,"date":"2020-09-30T12:00:55","date_gmt":"2020-09-30T09:00:55","guid":{"rendered":"https:\/\/mafnu.tfo.k12.tr\/?page_id=57"},"modified":"2020-10-01T12:17:29","modified_gmt":"2020-10-01T09:17:29","slug":"bureau-organisateur","status":"publish","type":"page","link":"https:\/\/mafnu.tfo.k12.tr\/?page_id=57","title":{"rendered":"BUREAU ORGANISATEUR"},"content":{"rendered":"\n<p class=\"has-text-align-left has-normal-font-size\">Le&nbsp;<strong>MAFNU&nbsp;<\/strong>est une conf\u00e9rence organis\u00e9e par des \u00e9l\u00e8ves de lyc\u00e9e pour des \u00e9l\u00e8ves de coll\u00e8ge. Donc, bien entendu, le bureau organisateur de cette simulation est compos\u00e9 uniquement d&#8217;\u00e9l\u00e8ves \u00e9tudiant actuellement dans les&nbsp;niveaux 9, 10, 11 et 12.<\/p>\n\n\n\n<p class=\"has-normal-font-size\">&nbsp; &nbsp; &nbsp; &nbsp; &nbsp;<em>en pr\u00e9paration&#8230;<\/em><\/p>\n\n\n\n<div class=\"wp-block-group\"><div class=\"wp-block-group__inner-container is-layout-flow wp-block-group-is-layout-flow\">\n<p class=\"has-text-align-right\" has-normal-font-size\"=\"\">Irem TARCAN<\/p>\n<p class=\"has-text-align-right\" has-normal-font-size\"=\"\">Secr\u00e9taire G\u00e9n\u00e9rale<\/p>\n\n\n\n<p><\/p>\n<\/div><\/div>\n\n\n\n<p><a href=\"https:\/\/mafnu.tfo.k12.tr\/\"><\/a><\/p>\n","protected":false},"excerpt":{"rendered":"Le&nbsp;MAFNU&nbsp;est une conf\u00e9rence organis\u00e9e par des \u00e9l\u00e8ves de lyc\u00e9e pour des \u00e9l\u00e8ves de coll\u00e8ge. Donc, bien entendu, le bureau organisateur de cette simulation \n<a class=\"moretag\" href=\"https:\/\/mafnu.tfo.k12.tr\/?page_id=57\"> [...]<\/a>","protected":false},"author":1,"featured_media":0,"parent":0,"menu_order":0,"comment_status":"closed","ping_status":"closed","template":"layouts\/fullwidth.php","meta":{"footnotes":""},"_links":{"self":[{"href":"https:\/\/mafnu.tfo.k12.tr\/index.php?rest_route=\/wp\/v2\/pages\/57"}],"collection":[{"href":"https:\/\/mafnu.tfo.k12.tr\/index.php?rest_route=\/wp\/v2\/pages"}],"about":[{"href":"https:\/\/mafnu.tfo.k12.tr\/index.php?rest_route=\/wp\/v2\/types\/page"}],"author":[{"embeddable":true,"href":"https:\/\/mafnu.tfo.k12.tr\/index.php?rest_route=\/wp\/v2\/users\/1"}],"replies":[{"embeddable":true,"href":"https:\/\/mafnu.tfo.k12.tr\/index.php?rest_route=%2Fwp%2Fv2%2Fcomments&post=57"}],"version-history":[{"count":3,"href":"https:\/\/mafnu.tfo.k12.tr\/index.php?rest_route=\/wp\/v2\/pages\/57\/revisions"}],"predecessor-version":[{"id":226,"href":"https:\/\/mafnu.tfo.k12.tr\/index.php?rest_route=\/wp\/v2\/pages\/57\/revisions\/226"}],"wp:attachment":[{"href":"https:\/\/mafnu.tfo.k12.tr\/index.php?rest_route=%2Fwp%2Fv2%2Fmedia&parent=57"}],"curies":[{"name":"wp","href":"https:\/\/api.w.org\/{rel}","templated":true}]}}