{"id":59,"date":"2020-09-30T12:00:55","date_gmt":"2020-09-30T09:00:55","guid":{"rendered":"https:\/\/mafnu.tfo.k12.tr\/?page_id=59"},"modified":"2020-10-01T12:19:37","modified_gmt":"2020-10-01T09:19:37","slug":"contacts","status":"publish","type":"page","link":"https:\/\/mafnu.tfo.k12.tr\/?page_id=59","title":{"rendered":"CONTACTS"},"content":{"rendered":"\n<div class=\"wp-block-group\"><div class=\"wp-block-group__inner-container is-layout-flow wp-block-group-is-layout-flow\">\n<p style=\"font-size:18px\">\u00a0 \u00a0 \u00a0 \u00a0 \u00a0 \u00a0 \u00a0 Pour tous renseignements compl\u00e9mentaires concernant notre conf\u00e9rence, n&#8217;h\u00e9sitez pas \u00e0 contacter le bureau organisateur \u00e0 l&#8217;adresse suivante:\u00a0<a href=\"mailto:mafnu.college@gmail.com\">mafnu.college@gmail.com<\/a>.<\/p>\n\n\n\n<p style=\"font-size:18px\">\u200b&nbsp; &nbsp; &nbsp; &nbsp; &nbsp; &nbsp; &nbsp;Concernant l&#8217;envoi des TPG et des deux clauses op\u00e9ratoires, vous trouverez ci-dessous les adresses mail relatives \u00e0 chaque comit\u00e9.<\/p>\n\n\n\n<p style=\"font-size:18px\">&nbsp; &nbsp; &nbsp; &nbsp; &nbsp; &nbsp; &nbsp; &nbsp; &nbsp; &nbsp; &nbsp; &nbsp; &#8211;&nbsp;le Conseil de s\u00e9curit\u00e9 :&nbsp;<a href=\"mailto:mafnu.college.secu@gmail.com\">mafnu.college.secu@gmail.com<\/a><\/p>\n\n\n\n<p style=\"font-size:18px\">&nbsp; &nbsp; &nbsp; &nbsp; &nbsp; &nbsp; &nbsp; &nbsp; &nbsp; &nbsp; &nbsp; &nbsp; &#8211; le Conseil&nbsp;historique :&nbsp;<a href=\"mailto:mafnu.college.histo@gmail.com\">mafnu.college.histo@gmail.com<\/a><\/p>\n\n\n\n<p style=\"font-size:18px\">&nbsp; &nbsp; &nbsp; &nbsp; &nbsp; &nbsp; &nbsp; &nbsp; &nbsp; &nbsp; &nbsp; &nbsp; &#8211; la Commission du d\u00e9veloppement durable :&nbsp;<a href=\"mailto:mafnu.college.dvtdurable@gmail.com\">mafnu.college.dvtdurable@gmail.com<\/a><\/p>\n\n\n\n<p style=\"font-size:18px\">&nbsp; &nbsp; &nbsp; &nbsp; &nbsp; &nbsp; &nbsp; &nbsp; &nbsp; &nbsp; &nbsp; &nbsp; &#8211; la Commission des Droits de l&#8217;Homme :&nbsp;<a href=\"mailto:mafnu.college.homme@gmail.com\">mafnu.college.homme@gmail.com<\/a><\/p>\n\n\n\n<p style=\"font-size:18px\">&nbsp; &nbsp; &nbsp; &nbsp; &nbsp; &nbsp; &nbsp; &nbsp; &nbsp; &nbsp; &nbsp; &nbsp; &#8211; la Commission sur la sant\u00e9 :&nbsp;<a href=\"mailto:mafnu.college.sante@gmail.com\">mafnu.college.sante@gmail.com<\/a><\/p>\n\n\n\n<p style=\"font-size:18px\">&nbsp; &nbsp; &nbsp; &nbsp; &nbsp; &nbsp; &nbsp; &nbsp; &nbsp; &nbsp; &nbsp; &nbsp; &#8211; la Commission UNICEF :&nbsp;<a href=\"mailto:mafnu.college.unicef@gmail.com\">mafnu.college.unicef@gmail.com<\/a><\/p>\n\n\n\n<p style=\"font-size:18px\">\u200b&nbsp; &nbsp; &nbsp; &nbsp; &nbsp; &nbsp; &nbsp;Si vous souhaitez aussi obtenir des informations suppl\u00e9mentaires sur notre \u00e9tablissement, venez surfer sur le site de notre \u00e9cole en cliquant sur ce lien :&nbsp;<a rel=\"noreferrer noopener\" href=\"http:\/\/ankara.tfo.k12.tr\/\" target=\"_blank\">http:\/\/ankara.tfo.k12.tr\/<\/a>.<\/p>\n<\/div><\/div>\n","protected":false},"excerpt":{"rendered":"\u00a0 \u00a0 \u00a0 \u00a0 \u00a0 \u00a0 \u00a0 Pour tous renseignements compl\u00e9mentaires concernant notre conf\u00e9rence, n&#8217;h\u00e9sitez pas \u00e0 contacter le bureau organisateur \u00e0 l&#8217;adresse \n<a class=\"moretag\" href=\"https:\/\/mafnu.tfo.k12.tr\/?page_id=59\"> [...]<\/a>","protected":false},"author":1,"featured_media":0,"parent":0,"menu_order":0,"comment_status":"closed","ping_status":"closed","template":"layouts\/fullwidth.php","meta":{"footnotes":""},"_links":{"self":[{"href":"https:\/\/mafnu.tfo.k12.tr\/index.php?rest_route=\/wp\/v2\/pages\/59"}],"collection":[{"href":"https:\/\/mafnu.tfo.k12.tr\/index.php?rest_route=\/wp\/v2\/pages"}],"about":[{"href":"https:\/\/mafnu.tfo.k12.tr\/index.php?rest_route=\/wp\/v2\/types\/page"}],"author":[{"embeddable":true,"href":"https:\/\/mafnu.tfo.k12.tr\/index.php?rest_route=\/wp\/v2\/users\/1"}],"replies":[{"embeddable":true,"href":"https:\/\/mafnu.tfo.k12.tr\/index.php?rest_route=%2Fwp%2Fv2%2Fcomments&post=59"}],"version-history":[{"count":3,"href":"https:\/\/mafnu.tfo.k12.tr\/index.php?rest_route=\/wp\/v2\/pages\/59\/revisions"}],"predecessor-version":[{"id":228,"href":"https:\/\/mafnu.tfo.k12.tr\/index.php?rest_route=\/wp\/v2\/pages\/59\/revisions\/228"}],"wp:attachment":[{"href":"https:\/\/mafnu.tfo.k12.tr\/index.php?rest_route=%2Fwp%2Fv2%2Fmedia&parent=59"}],"curies":[{"name":"wp","href":"https:\/\/api.w.org\/{rel}","templated":true}]}}