{"id":6,"date":"2020-09-30T09:34:49","date_gmt":"2020-09-30T06:34:49","guid":{"rendered":"https:\/\/mafnu.tfo.k12.tr\/?page_id=6"},"modified":"2025-02-18T14:42:08","modified_gmt":"2025-02-18T11:42:08","slug":"accueil-homapage","status":"publish","type":"page","link":"https:\/\/mafnu.tfo.k12.tr\/","title":{"rendered":"ACCUEIL"},"content":{"rendered":"\n<div class=\"wp-block-group alignwide is-layout-flow wp-block-group-is-layout-flow\"><div class=\"wp-block-group__inner-container\">\n<div class=\"wp-block-group is-vertical is-content-justification-center is-layout-flex wp-container-1 wp-block-group-is-layout-flex\">\n<h1 class=\"wp-block-heading has-text-align-center\" style=\"font-size:90px\"><strong><span style=\"background-color:rgba(0, 0, 0, 0);color:#00a58c\" class=\"has-inline-color\">M A F N U&#8217;<\/span><\/strong>25<\/h1>\n\n\n\n<h1 class=\"wp-block-heading\" style=\"font-size:50px\"><span style=\"background-color:rgba(0, 0, 0, 0)\" class=\"has-inline-color has-luminous-vivid-orange-color\">coll\u00e8ge<\/span><\/h1>\n\n\n\n<p><\/p>\n<\/div>\n<\/div><\/div>\n\n\n\n<div class=\"wp-block-columns is-layout-flex wp-container-5 wp-block-columns-is-layout-flex\">\n<div class=\"wp-block-column is-layout-flow wp-block-column-is-layout-flow\">\n<h2 class=\"wp-block-heading has-text-align-left\" style=\"font-size:30px\">Mod\u00e8le Ankariote Francophone<\/h2>\n<\/div>\n\n\n\n<div class=\"wp-block-column is-layout-flow wp-block-column-is-layout-flow\">\n<h2 class=\"wp-block-heading has-text-align-right\" style=\"font-size:30px\">des Nations Unies<\/h2>\n<\/div>\n<\/div>\n\n\n\n<div class=\"wp-block-group alignwide is-layout-flow wp-block-group-is-layout-flow\"><div class=\"wp-block-group__inner-container\">\n<p class=\"has-text-align-center\" style=\"font-size:24px\">           <em>   <\/em><\/p>\n\n\n\n<p><\/p>\n\n\n\n<p><\/p>\n\n\n\n<div class=\"wp-block-group is-vertical is-layout-flex wp-container-6 wp-block-group-is-layout-flex\">\n<p style=\"font-size:24px\"><em>                               La cinqui\u00e8me \u00e9dition du&nbsp;MAFNU&nbsp;se tiendra au sein de notre        \u00e9tablissement, le coll\u00e8ge Tevfik Fikret d&#8217;Ankara,&nbsp;d<\/em>u <em>samedi 08 au dimanche 09 mars 2025.                                                        <\/em><\/p>\n\n\n\n<p style=\"font-size:24px\">                                                <\/p>\n<\/div>\n<\/div><\/div>\n\n\n\n<p><\/p>\n\n\n\n<p><\/p>\n\n\n\n<p><\/p>\n\n\n\n<p><\/p>\n\n\n\n<div class=\"wp-block-group alignwide is-layout-flow wp-block-group-is-layout-flow\"><div class=\"wp-block-group__inner-container\">\n<p class=\"has-text-align-center\" style=\"font-size:24px\"><em>Cette ann\u00e9e,&nbsp;le&nbsp;th\u00e8me de notre simulation est :<\/em><\/p>\n\n\n\n<div class=\"wp-block-columns is-layout-flex wp-container-9 wp-block-columns-is-layout-flex\">\n<div class=\"wp-block-column is-layout-flow wp-block-column-is-layout-flow\">\n<p class=\"has-text-align-center\" style=\"font-size:34px\"><bdo lang=\"fr\" dir=\"ltr\"><strong><em>Biodiversit\u00e9 : la lutte a commenc\u00e9 !!!   <\/em><\/strong> <\/bdo>     <\/p>\n\n\n\n<p><\/p>\n\n\n\n<p><\/p>\n\n\n\n<p style=\"font-size:24px\">                          <em>Pour 2025, nous avons  le plaisir de vous annoncer qu&#8217;il y aura sept <em>comit\u00e9<\/em><\/em>s <em>en fran\u00e7ais<\/em>, <em>trois&nbsp;en anglais, un bilingue et  quatre comit\u00e9s &#8220;LES BENJAMINS&#8221;, r\u00e9serv\u00e9s aux \u00e9l\u00e8ves \u00e2g\u00e9s de 10 \u00e0 11 ans et sans aucune exp\u00e9rience pr\u00e9alable d&#8217;un MNU .<\/em><\/p>\n<\/div>\n<\/div>\n<\/div><\/div>\n\n\n\n<div class=\"wp-block-group alignwide is-layout-flow wp-block-group-is-layout-flow\"><div class=\"wp-block-group__inner-container\">\n<p class=\"has-text-align-left\" style=\"font-size:24px\"><em>&nbsp; &nbsp; &nbsp; &nbsp; &nbsp; &nbsp;             Nous comptons sur votre pr\u00e9sence pour que ce&nbsp;5\u00e8me MAFNU coll\u00e8ge soit encore une r\u00e9ussite et qu&#8217;il s&#8217;inscrive durablement dans le paysage des mod\u00e9lisations en fran\u00e7ais des Nations Unies.<\/em><\/p>\n<\/div><\/div>\n\n\n\n<div class=\"wp-block-columns is-layout-flex wp-container-13 wp-block-columns-is-layout-flex\">\n<div class=\"wp-block-column is-layout-flow wp-block-column-is-layout-flow\">\n<p class=\"has-text-align-center\" style=\"font-size:26px\"><\/p>\n\n\n\n<p class=\"has-text-align-right has-medium-font-size\">            <em>Secr\u00e9tariat g\u00e9n\u00e9ral&nbsp;du MAFNU Coll\u00e8ge 202<\/em>5<\/p>\n\n\n\n<p class=\"has-text-align-right has-medium-font-size\">       <em> <\/em><\/p>\n\n\n\n<p class=\"has-text-align-right has-medium-font-size\"><\/p>\n<\/div>\n<\/div>\n\n\n\n<p><\/p>\n\n\n\n<div class=\"wp-block-columns is-layout-flex wp-container-17 wp-block-columns-is-layout-flex\">\n<div class=\"wp-block-column is-layout-flow wp-block-column-is-layout-flow\">\n<figure class=\"wp-block-image size-large is-resized\"><img decoding=\"async\" loading=\"lazy\" width=\"184\" height=\"150\" src=\"https:\/\/mafnu.tfo.k12.tr\/wp-content\/uploads\/2020\/09\/mafnu-afis-4.jpg\" alt=\"\" class=\"wp-image-180\" style=\"width:194px;height:158px\"\/><\/figure>\n<\/div>\n\n\n\n<div class=\"wp-block-column is-layout-flow wp-block-column-is-layout-flow\">\n<figure class=\"wp-block-image size-large is-resized\"><img decoding=\"async\" loading=\"lazy\" width=\"225\" height=\"170\" src=\"https:\/\/mafnu.tfo.k12.tr\/wp-content\/uploads\/2020\/09\/mafnu-ankara.jpg\" alt=\"\" class=\"wp-image-181\" style=\"width:189px;height:142px\"\/><\/figure>\n<\/div>\n\n\n\n<div class=\"wp-block-column is-layout-flow wp-block-column-is-layout-flow\">\n<figure class=\"wp-block-image size-large is-resized\"><img decoding=\"async\" loading=\"lazy\" width=\"279\" height=\"186\" src=\"https:\/\/mafnu.tfo.k12.tr\/wp-content\/uploads\/2020\/09\/mafnu-afis-3.jpg\" alt=\"\" class=\"wp-image-179\" style=\"width:227px;height:151px\"\/><\/figure>\n\n\n\n<p><\/p>\n<\/div>\n<\/div>\n\n\n<div class=\"wp-block-image\">\n<figure class=\"aligncenter size-full\"><img decoding=\"async\" loading=\"lazy\" width=\"1902\" height=\"741\" src=\"https:\/\/mafnu.tfo.k12.tr\/wp-content\/uploads\/2020\/09\/tfl.jpg\" alt=\"\" class=\"wp-image-185\" srcset=\"https:\/\/mafnu.tfo.k12.tr\/wp-content\/uploads\/2020\/09\/tfl.jpg 1902w, https:\/\/mafnu.tfo.k12.tr\/wp-content\/uploads\/2020\/09\/tfl-300x117.jpg 300w, https:\/\/mafnu.tfo.k12.tr\/wp-content\/uploads\/2020\/09\/tfl-1024x399.jpg 1024w, https:\/\/mafnu.tfo.k12.tr\/wp-content\/uploads\/2020\/09\/tfl-768x299.jpg 768w, https:\/\/mafnu.tfo.k12.tr\/wp-content\/uploads\/2020\/09\/tfl-1536x598.jpg 1536w\" sizes=\"(max-width: 1902px) 100vw, 1902px\" \/><\/figure><\/div>","protected":false},"excerpt":{"rendered":"M A F N U&#8217;25 coll\u00e8ge Mod\u00e8le Ankariote Francophone des Nations Unies La cinqui\u00e8me \u00e9dition du&nbsp;MAFNU&nbsp;se tiendra au sein de notre \u00e9tablissement, le \n<a class=\"moretag\" href=\"https:\/\/mafnu.tfo.k12.tr\/\"> [...]<\/a>","protected":false},"author":1,"featured_media":0,"parent":0,"menu_order":0,"comment_status":"closed","ping_status":"closed","template":"layouts\/fullwidth.php","meta":{"footnotes":""},"_links":{"self":[{"href":"https:\/\/mafnu.tfo.k12.tr\/index.php?rest_route=\/wp\/v2\/pages\/6"}],"collection":[{"href":"https:\/\/mafnu.tfo.k12.tr\/index.php?rest_route=\/wp\/v2\/pages"}],"about":[{"href":"https:\/\/mafnu.tfo.k12.tr\/index.php?rest_route=\/wp\/v2\/types\/page"}],"author":[{"embeddable":true,"href":"https:\/\/mafnu.tfo.k12.tr\/index.php?rest_route=\/wp\/v2\/users\/1"}],"replies":[{"embeddable":true,"href":"https:\/\/mafnu.tfo.k12.tr\/index.php?rest_route=%2Fwp%2Fv2%2Fcomments&post=6"}],"version-history":[{"count":45,"href":"https:\/\/mafnu.tfo.k12.tr\/index.php?rest_route=\/wp\/v2\/pages\/6\/revisions"}],"predecessor-version":[{"id":475,"href":"https:\/\/mafnu.tfo.k12.tr\/index.php?rest_route=\/wp\/v2\/pages\/6\/revisions\/475"}],"wp:attachment":[{"href":"https:\/\/mafnu.tfo.k12.tr\/index.php?rest_route=%2Fwp%2Fv2%2Fmedia&parent=6"}],"curies":[{"name":"wp","href":"https:\/\/api.w.org\/{rel}","templated":true}]}}