{"id":61,"date":"2020-09-30T12:00:55","date_gmt":"2020-09-30T09:00:55","guid":{"rendered":"https:\/\/mafnu.tfo.k12.tr\/?page_id=61"},"modified":"2020-10-01T12:40:34","modified_gmt":"2020-10-01T09:40:34","slug":"professeurs","status":"publish","type":"page","link":"https:\/\/mafnu.tfo.k12.tr\/?page_id=61","title":{"rendered":"PROFESSEURS"},"content":{"rendered":"\n<h2 class=\"wp-block-heading\"><strong>LE MAFNU du c\u00f4t\u00e9 des professeurs<\/strong><\/h2>\n\n\n\n<p>Mme C\u00e9line TOUSSAINT-RIERA, fondatrice et directrice du MAFNU, <\/p>\n\n\n\n<p>Mme Christelle TOULERON et Mme&nbsp;Eylem HAYDAR, conseill\u00e8res MAFNU&nbsp;!!!<\/p>\n","protected":false},"excerpt":{"rendered":"LE MAFNU du c\u00f4t\u00e9 des professeurs Mme C\u00e9line TOUSSAINT-RIERA, fondatrice et directrice du MAFNU, Mme Christelle TOULERON et Mme&nbsp;Eylem HAYDAR, conseill\u00e8res MAFNU&nbsp;!!!\n<a class=\"moretag\" href=\"https:\/\/mafnu.tfo.k12.tr\/?page_id=61\"> [...]<\/a>","protected":false},"author":1,"featured_media":0,"parent":0,"menu_order":0,"comment_status":"closed","ping_status":"closed","template":"layouts\/fullwidth.php","meta":{"footnotes":""},"_links":{"self":[{"href":"https:\/\/mafnu.tfo.k12.tr\/index.php?rest_route=\/wp\/v2\/pages\/61"}],"collection":[{"href":"https:\/\/mafnu.tfo.k12.tr\/index.php?rest_route=\/wp\/v2\/pages"}],"about":[{"href":"https:\/\/mafnu.tfo.k12.tr\/index.php?rest_route=\/wp\/v2\/types\/page"}],"author":[{"embeddable":true,"href":"https:\/\/mafnu.tfo.k12.tr\/index.php?rest_route=\/wp\/v2\/users\/1"}],"replies":[{"embeddable":true,"href":"https:\/\/mafnu.tfo.k12.tr\/index.php?rest_route=%2Fwp%2Fv2%2Fcomments&post=61"}],"version-history":[{"count":4,"href":"https:\/\/mafnu.tfo.k12.tr\/index.php?rest_route=\/wp\/v2\/pages\/61\/revisions"}],"predecessor-version":[{"id":231,"href":"https:\/\/mafnu.tfo.k12.tr\/index.php?rest_route=\/wp\/v2\/pages\/61\/revisions\/231"}],"wp:attachment":[{"href":"https:\/\/mafnu.tfo.k12.tr\/index.php?rest_route=%2Fwp%2Fv2%2Fmedia&parent=61"}],"curies":[{"name":"wp","href":"https:\/\/api.w.org\/{rel}","templated":true}]}}