{"id":87,"date":"2020-09-30T12:39:32","date_gmt":"2020-09-30T09:39:32","guid":{"rendered":"https:\/\/mafnu.tfo.k12.tr\/?page_id=87"},"modified":"2020-10-02T13:24:53","modified_gmt":"2020-10-02T10:24:53","slug":"delegations","status":"publish","type":"page","link":"https:\/\/mafnu.tfo.k12.tr\/?page_id=87","title":{"rendered":"D\u00c9L\u00c9GATIONS"},"content":{"rendered":"\n<p style=\"font-size:24px\">Voici la liste des d\u00e9l\u00e9gations pr\u00e9sentes pour la deuxi\u00e8me&nbsp;conf\u00e9rence du MAFNU coll\u00e8ge.<\/p>\n\n\n\n<div class=\"wp-block-buttons is-layout-flex wp-block-buttons-is-layout-flex\">\n<div class=\"wp-block-button\"><a class=\"wp-block-button__link\" href=\"https:\/\/mafnu.tfo.k12.tr\/wp-content\/uploads\/2020\/10\/DELEGATIONS.doc\" target=\"_blank\" rel=\"noreferrer noopener\">        D\u00c9L\u00c9GATIONS        <\/a><\/div>\n<\/div>\n\n\n\n<p style=\"font-size:24px\"><em>en pr\u00e9paration&#8230;<\/em><\/p>\n","protected":false},"excerpt":{"rendered":"Voici la liste des d\u00e9l\u00e9gations pr\u00e9sentes pour la deuxi\u00e8me&nbsp;conf\u00e9rence du MAFNU coll\u00e8ge. en pr\u00e9paration&#8230;\n<a class=\"moretag\" href=\"https:\/\/mafnu.tfo.k12.tr\/?page_id=87\"> [...]<\/a>","protected":false},"author":1,"featured_media":0,"parent":0,"menu_order":0,"comment_status":"closed","ping_status":"closed","template":"layouts\/fullwidth.php","meta":{"footnotes":""},"_links":{"self":[{"href":"https:\/\/mafnu.tfo.k12.tr\/index.php?rest_route=\/wp\/v2\/pages\/87"}],"collection":[{"href":"https:\/\/mafnu.tfo.k12.tr\/index.php?rest_route=\/wp\/v2\/pages"}],"about":[{"href":"https:\/\/mafnu.tfo.k12.tr\/index.php?rest_route=\/wp\/v2\/types\/page"}],"author":[{"embeddable":true,"href":"https:\/\/mafnu.tfo.k12.tr\/index.php?rest_route=\/wp\/v2\/users\/1"}],"replies":[{"embeddable":true,"href":"https:\/\/mafnu.tfo.k12.tr\/index.php?rest_route=%2Fwp%2Fv2%2Fcomments&post=87"}],"version-history":[{"count":4,"href":"https:\/\/mafnu.tfo.k12.tr\/index.php?rest_route=\/wp\/v2\/pages\/87\/revisions"}],"predecessor-version":[{"id":332,"href":"https:\/\/mafnu.tfo.k12.tr\/index.php?rest_route=\/wp\/v2\/pages\/87\/revisions\/332"}],"wp:attachment":[{"href":"https:\/\/mafnu.tfo.k12.tr\/index.php?rest_route=%2Fwp%2Fv2%2Fmedia&parent=87"}],"curies":[{"name":"wp","href":"https:\/\/api.w.org\/{rel}","templated":true}]}}