{"id":88,"date":"2020-09-30T12:39:32","date_gmt":"2020-09-30T09:39:32","guid":{"rendered":"https:\/\/mafnu.tfo.k12.tr\/?page_id=88"},"modified":"2020-10-02T13:24:32","modified_gmt":"2020-10-02T10:24:32","slug":"travail-preparatoire","status":"publish","type":"page","link":"https:\/\/mafnu.tfo.k12.tr\/?page_id=88","title":{"rendered":"TRAVAIL PR\u00c9PARATOIRE"},"content":{"rendered":"\n<h2 class=\"wp-block-heading\" style=\"font-size:24px\"><strong><span class=\"has-inline-color has-luminous-vivid-orange-color\">Le travail pr\u00e9paratoire comporte&nbsp;4 \u00e9tapes&nbsp;:<\/span><\/strong><\/h2>\n\n\n\n<p>1.&nbsp;<strong>Faire des recherches sur le pays que nous allons repr\u00e9senter<\/strong>&nbsp;et compl\u00e9ter la fiche pays. Cette \u00e9tape est essentielle pour pouvoir comprendre les sp\u00e9cificit\u00e9s de notre pays et la politique qu&#8217;il m\u00e8ne, surtout par rapport \u00e0 notre sujet. Bien conna\u00eetre son pays permet de se rapprocher au maximum de ce que serait vraiment la position du pays repr\u00e9sent\u00e9 par rapport \u00e0 la probl\u00e9matique de la commission. Pour le conseil historique, il est primordial de conna\u00eetre la position du Politburo sovi\u00e9tique \u00e0 l&#8217;\u00e9poque de la bataille de Stalingrad.<\/p>\n\n\n\n<p>2.&nbsp;<strong>\u00c9crire un TPG (Texte de Politique G\u00e9n\u00e9rale)<\/strong>, m\u00eame court, pour indiquer la position de son pays sur le sujet des d\u00e9bats dans sa commission.<\/p>\n\n\n\n<p>3.&nbsp;<strong>Lire et comprendre parfaitement le rapport de sa commission<\/strong>. Il faut chercher les mots que l&#8217;on ne comprend pas de fa\u00e7on syst\u00e9matique.<\/p>\n\n\n\n<p>4.&nbsp;<strong>\u00c9crire une r\u00e9solution avant la conf\u00e9rence<\/strong>. Cette r\u00e9solution doit pr\u00e9senter&nbsp;<strong>des clauses de pr\u00e9ambule et des clauses op\u00e9ratoires<\/strong>. Il existe&nbsp;<strong>des verbes introducteurs sp\u00e9cifiques pour les clauses de pr\u00e9ambule et les clauses op\u00e9ratoires<\/strong>.<\/p>\n\n\n\n<figure class=\"wp-block-image size-large\"><img decoding=\"async\" loading=\"lazy\" width=\"106\" height=\"37\" src=\"https:\/\/mafnu.tfo.k12.tr\/wp-content\/uploads\/2020\/10\/mafnu-afis-20.jpg\" alt=\"\" class=\"wp-image-319\"\/><\/figure>\n\n\n\n<p>La r\u00e9solution&nbsp;doit&nbsp;par ailleurs respecter une forme pr\u00e9d\u00e9finie par le secr\u00e9tariat g\u00e9n\u00e9ral de la conf\u00e9rence. La police de caract\u00e8re est ARIAL NARROW 12 avec un interligne de 1,5.\u200b<\/p>\n\n\n\n<p>A.&nbsp;<strong>Les clauses de pr\u00e9ambule<\/strong>&nbsp;s&#8217;inspirent tr\u00e8s largement du rapport et de vos recherches. Elles servent d&#8217;introduction \u00e0 votre r\u00e9solution et fournissent des informations sur le sujet. Lors de la r\u00e9daction du pr\u00e9ambule, le d\u00e9l\u00e9gu\u00e9 rappelle les conventions pass\u00e9es de l&#8217;ONU ou bien encore des \u00e9l\u00e9ments r\u00e9cents comme des statistiques ou des enqu\u00eates sur le sujet. On peut aussi y inclure des rappels de mots-cl\u00e9s, des \u00e9l\u00e9ments de l&#8217;introduction ou de l&#8217;aper\u00e7u g\u00e9n\u00e9ral du rapport.\u200b<\/p>\n\n\n\n<p>B.&nbsp;<strong>Les clauses op\u00e9ratoires&nbsp;<\/strong>servent \u00e0 proposer des solutions qui ne sont pas mentionn\u00e9es dans le rapport. Ces solutions doivent \u00eatre cr\u00e9dibles par rapport au TPG de notre pays. Elles doivent appara\u00eetre par ordre d&#8217;importance et peuvent comporter des sous-clauses pour mieux les d\u00e9tailler. Elles doivent pouvoir \u00eatre appliqu\u00e9es et \u00eatre pertinentes.<\/p>\n","protected":false},"excerpt":{"rendered":"Le travail pr\u00e9paratoire comporte&nbsp;4 \u00e9tapes&nbsp;: 1.&nbsp;Faire des recherches sur le pays que nous allons repr\u00e9senter&nbsp;et compl\u00e9ter la fiche pays. Cette \u00e9tape est essentielle \n<a class=\"moretag\" href=\"https:\/\/mafnu.tfo.k12.tr\/?page_id=88\"> [...]<\/a>","protected":false},"author":1,"featured_media":0,"parent":0,"menu_order":0,"comment_status":"closed","ping_status":"closed","template":"layouts\/fullwidth.php","meta":{"footnotes":""},"_links":{"self":[{"href":"https:\/\/mafnu.tfo.k12.tr\/index.php?rest_route=\/wp\/v2\/pages\/88"}],"collection":[{"href":"https:\/\/mafnu.tfo.k12.tr\/index.php?rest_route=\/wp\/v2\/pages"}],"about":[{"href":"https:\/\/mafnu.tfo.k12.tr\/index.php?rest_route=\/wp\/v2\/types\/page"}],"author":[{"embeddable":true,"href":"https:\/\/mafnu.tfo.k12.tr\/index.php?rest_route=\/wp\/v2\/users\/1"}],"replies":[{"embeddable":true,"href":"https:\/\/mafnu.tfo.k12.tr\/index.php?rest_route=%2Fwp%2Fv2%2Fcomments&post=88"}],"version-history":[{"count":3,"href":"https:\/\/mafnu.tfo.k12.tr\/index.php?rest_route=\/wp\/v2\/pages\/88\/revisions"}],"predecessor-version":[{"id":331,"href":"https:\/\/mafnu.tfo.k12.tr\/index.php?rest_route=\/wp\/v2\/pages\/88\/revisions\/331"}],"wp:attachment":[{"href":"https:\/\/mafnu.tfo.k12.tr\/index.php?rest_route=%2Fwp%2Fv2%2Fmedia&parent=88"}],"curies":[{"name":"wp","href":"https:\/\/api.w.org\/{rel}","templated":true}]}}