{"id":90,"date":"2020-09-30T12:39:32","date_gmt":"2020-09-30T09:39:32","guid":{"rendered":"https:\/\/mafnu.tfo.k12.tr\/?page_id=90"},"modified":"2020-10-02T13:23:48","modified_gmt":"2020-10-02T10:23:48","slug":"tpg","status":"publish","type":"page","link":"https:\/\/mafnu.tfo.k12.tr\/?page_id=90","title":{"rendered":"TPG"},"content":{"rendered":"\n<h2 class=\"wp-block-heading\" style=\"font-size:24px\"><strong><span class=\"has-inline-color has-luminous-vivid-orange-color\">COMMENT R\u00c9DIGER SON TPG ?<\/span><\/strong><\/h2>\n\n\n\n<p style=\"font-size:24px\">Un TPG est un Texte de Politique G\u00e9n\u00e9rale. Il doit refl\u00e9ter le plus fid\u00e8lement possible la politique que m\u00e8ne et que veut mener votre pays en ce qui concerne le sujet de votre commission. Dans l&#8217;exemple qui suit, la partie en gras ne peut pas \u00eatre reprise dans votre TPG car elle est propre \u00e0 un sujet qui n&#8217;est pas dans la premi\u00e8re session du MAFNU coll\u00e8ge 2017. Par contre, le reste oui.<\/p>\n\n\n\n<div class=\"wp-block-buttons is-layout-flex wp-block-buttons-is-layout-flex\">\n<div class=\"wp-block-button\"><a class=\"wp-block-button__link\" href=\"https:\/\/mafnu.tfo.k12.tr\/wp-content\/uploads\/2020\/10\/TPG-exemple-1.docx\" target=\"_blank\" rel=\"noreferrer noopener\">        EXEMPLE DE TPG        <\/a><\/div>\n<\/div>\n","protected":false},"excerpt":{"rendered":"COMMENT R\u00c9DIGER SON TPG ? Un TPG est un Texte de Politique G\u00e9n\u00e9rale. Il doit refl\u00e9ter le plus fid\u00e8lement possible la politique que \n<a class=\"moretag\" href=\"https:\/\/mafnu.tfo.k12.tr\/?page_id=90\"> [...]<\/a>","protected":false},"author":1,"featured_media":0,"parent":0,"menu_order":0,"comment_status":"closed","ping_status":"closed","template":"layouts\/fullwidth.php","meta":{"footnotes":""},"_links":{"self":[{"href":"https:\/\/mafnu.tfo.k12.tr\/index.php?rest_route=\/wp\/v2\/pages\/90"}],"collection":[{"href":"https:\/\/mafnu.tfo.k12.tr\/index.php?rest_route=\/wp\/v2\/pages"}],"about":[{"href":"https:\/\/mafnu.tfo.k12.tr\/index.php?rest_route=\/wp\/v2\/types\/page"}],"author":[{"embeddable":true,"href":"https:\/\/mafnu.tfo.k12.tr\/index.php?rest_route=\/wp\/v2\/users\/1"}],"replies":[{"embeddable":true,"href":"https:\/\/mafnu.tfo.k12.tr\/index.php?rest_route=%2Fwp%2Fv2%2Fcomments&post=90"}],"version-history":[{"count":2,"href":"https:\/\/mafnu.tfo.k12.tr\/index.php?rest_route=\/wp\/v2\/pages\/90\/revisions"}],"predecessor-version":[{"id":326,"href":"https:\/\/mafnu.tfo.k12.tr\/index.php?rest_route=\/wp\/v2\/pages\/90\/revisions\/326"}],"wp:attachment":[{"href":"https:\/\/mafnu.tfo.k12.tr\/index.php?rest_route=%2Fwp%2Fv2%2Fmedia&parent=90"}],"curies":[{"name":"wp","href":"https:\/\/api.w.org\/{rel}","templated":true}]}}