{"id":91,"date":"2020-09-30T12:39:32","date_gmt":"2020-09-30T09:39:32","guid":{"rendered":"https:\/\/mafnu.tfo.k12.tr\/?page_id=91"},"modified":"2020-10-02T13:29:25","modified_gmt":"2020-10-02T10:29:25","slug":"ecrire-une-resolution","status":"publish","type":"page","link":"https:\/\/mafnu.tfo.k12.tr\/?page_id=91","title":{"rendered":"\u00c9CRIRE UNE R\u00c9SOLUTION"},"content":{"rendered":"\n<p style=\"font-size:24px\"><strong><span class=\"has-inline-color has-luminous-vivid-orange-color\">COMMENT R\u00c9DIGER UNE&nbsp;R\u00c9SOLUTION&nbsp;?<\/span><\/strong><\/p>\n\n\n\n<p>Une fois que vous aurez compl\u00e9t\u00e9 la fiche pays et r\u00e9dig\u00e9 votre TPG, vous devrez \u00e9crire une r\u00e9solution simplifi\u00e9e compos\u00e9 d&#8217;au moins 2 clauses de pr\u00e9ambule et 2 clauses op\u00e9ratoires.<\/p>\n\n\n\n<div class=\"wp-block-image\"><figure class=\"alignright\"><img decoding=\"async\" src=\"https:\/\/static.wixstatic.com\/media\/5d090f_cd6027525ac54d9384f0f2ab2cda8190~mv2.jpg\/v1\/crop\/x_63,y_260,w_503,h_525\/fill\/w_102,h_106,al_c,q_80,usm_0.66_1.00_0.01\/5d090f_cd6027525ac54d9384f0f2ab2cda8190~mv2.webp\" alt=\"\"\/><\/figure><\/div>\n\n\n\n<p><strong>A. R\u00c9DACTION&nbsp;DE VOTRE&nbsp;R\u00c9SOLUTION (travail pr\u00e9paratoire \u00e0 la conf\u00e9rence)<\/strong><\/p>\n\n\n\n<p>\u200bCommission : _______________________________<\/p>\n\n\n\n<p>Sujet : ______________________________________<\/p>\n\n\n\n<p>D\u00e9l\u00e9gation : ________________________________<\/p>\n\n\n\n<p>\u200bNom de la commission en italique : ________________________________________________<\/p>\n\n\n\n<p>\u200b- \u00c9crire&nbsp;<strong>deux&nbsp;<\/strong>clauses de pr\u00e9ambule avec le verbe introducteur en italique. Vous devez mettre une virgule apr\u00e8s chaque clause de pr\u00e9ambule.<\/p>\n\n\n\n<p>\u200b- \u00c9crire deux clauses op\u00e9ratoires avec le verbe introducteur soulign\u00e9. Vous devez mettre un point-virgule apr\u00e8s chaque clause, sauf la derni\u00e8re qui est ponctu\u00e9e d&#8217;un point. Chaque clause op\u00e9ratoire doit \u00eatre num\u00e9rot\u00e9e en utilisant 1., 2., 3.. Il faut commencer les sous-clauses par a., b., c., et les sous sous-clauses par i., ii., iii..<\/p>\n\n\n\n<p>N&#8217;oubliez pas de laisser une ligne entre chaque clause et d&#8217;a\u00e9rer votre r\u00e9solution.<\/p>\n\n\n\n<p><strong>\u200bB. MISE EN COMMUN DES R\u00c9SOLUTIONS&nbsp;PENDANT LA&nbsp;CONF\u00c9RENCE DU MAFNU<\/strong><\/p>\n\n\n\n<p>\u200b- Lors des d\u00e9bats informels, vous devrez faire du lobbying aupr\u00e8s des autres d\u00e9l\u00e9gations qui partagent votre politique sur le sujet afin de d&#8217;\u00e9crire une r\u00e9solution plus compl\u00e8te qui comportera vos clauses et celles des autres d\u00e9l\u00e9gations qui sont pr\u00eates \u00e0 signer cette r\u00e9solution. Par la suite, si votre nouvelle r\u00e9solution ainsi constitu\u00e9e a \u00e9t\u00e9 sign\u00e9e par au moins 5 d\u00e9l\u00e9gations, celle-ci sera d\u00e9battue dans la commission pendant les d\u00e9bats formels.<\/p>\n\n\n\n<div class=\"wp-block-columns is-layout-flex wp-container-5 wp-block-columns-is-layout-flex\">\n<div class=\"wp-block-column is-layout-flow wp-block-column-is-layout-flow\">\n<div class=\"wp-block-buttons is-layout-flex wp-block-buttons-is-layout-flex\">\n<div class=\"wp-block-button\"><a class=\"wp-block-button__link\" href=\"https:\/\/mafnu.tfo.k12.tr\/wp-content\/uploads\/2020\/10\/RESOLUTION-1.docx\" target=\"_blank\" rel=\"noreferrer noopener\">        EXEMPLE DE R\u00c9SOLUTION 1        <\/a><\/div>\n<\/div>\n<\/div>\n\n\n\n<div class=\"wp-block-column is-layout-flow wp-block-column-is-layout-flow\">\n<div class=\"wp-block-buttons is-layout-flex wp-block-buttons-is-layout-flex\">\n<div class=\"wp-block-button\"><a class=\"wp-block-button__link\" href=\"https:\/\/mafnu.tfo.k12.tr\/wp-content\/uploads\/2020\/10\/RESOLUTION-2.docx\" target=\"_blank\" rel=\"noreferrer noopener\">        EXEMPLE DE R\u00c9SOLUTION 2        <\/a><\/div>\n<\/div>\n<\/div>\n<\/div>\n\n\n\n<p>Les r\u00e9solutions qui ont recueilli au moins 5 signatures sont d\u00e9battues en commission. Pendant les d\u00e9bats, les d\u00e9l\u00e9gations peuvent proposer des amendements (voir les proc\u00e9dures) afin d&#8217;annuler, d&#8217;ajouter ou de modifier une clause op\u00e9ratoire. Si la r\u00e9solution recueille une majorit\u00e9 de voix pour lors du vote, cette r\u00e9solution est adopt\u00e9e. Elle sera alors transmise \u00e0 la pr\u00e9sidence de l&#8217;Assembl\u00e9e G\u00e9n\u00e9rale afin d&#8217;\u00eatre d\u00e9battue et vot\u00e9e le dimanche lors de l&#8217;AG (Assembl\u00e9e G\u00e9n\u00e9rale).<\/p>\n\n\n\n<figure class=\"wp-block-image size-large\"><img decoding=\"async\" src=\"https:\/\/mafnu.tfo.k12.tr\/wp-content\/uploads\/2020\/10\/RESOLUTION-1.docx\" alt=\"\" class=\"wp-image-334\"\/><\/figure>\n\n\n\n<figure class=\"wp-block-image size-large\"><img decoding=\"async\" src=\"https:\/\/mafnu.tfo.k12.tr\/wp-content\/uploads\/2020\/10\/RESOLUTION-2.docx\" alt=\"\" class=\"wp-image-336\"\/><\/figure>\n","protected":false},"excerpt":{"rendered":"COMMENT R\u00c9DIGER UNE&nbsp;R\u00c9SOLUTION&nbsp;? Une fois que vous aurez compl\u00e9t\u00e9 la fiche pays et r\u00e9dig\u00e9 votre TPG, vous devrez \u00e9crire une r\u00e9solution simplifi\u00e9e compos\u00e9 \n<a class=\"moretag\" href=\"https:\/\/mafnu.tfo.k12.tr\/?page_id=91\"> [...]<\/a>","protected":false},"author":1,"featured_media":0,"parent":0,"menu_order":0,"comment_status":"closed","ping_status":"closed","template":"layouts\/fullwidth.php","meta":{"footnotes":""},"_links":{"self":[{"href":"https:\/\/mafnu.tfo.k12.tr\/index.php?rest_route=\/wp\/v2\/pages\/91"}],"collection":[{"href":"https:\/\/mafnu.tfo.k12.tr\/index.php?rest_route=\/wp\/v2\/pages"}],"about":[{"href":"https:\/\/mafnu.tfo.k12.tr\/index.php?rest_route=\/wp\/v2\/types\/page"}],"author":[{"embeddable":true,"href":"https:\/\/mafnu.tfo.k12.tr\/index.php?rest_route=\/wp\/v2\/users\/1"}],"replies":[{"embeddable":true,"href":"https:\/\/mafnu.tfo.k12.tr\/index.php?rest_route=%2Fwp%2Fv2%2Fcomments&post=91"}],"version-history":[{"count":5,"href":"https:\/\/mafnu.tfo.k12.tr\/index.php?rest_route=\/wp\/v2\/pages\/91\/revisions"}],"predecessor-version":[{"id":468,"href":"https:\/\/mafnu.tfo.k12.tr\/index.php?rest_route=\/wp\/v2\/pages\/91\/revisions\/468"}],"wp:attachment":[{"href":"https:\/\/mafnu.tfo.k12.tr\/index.php?rest_route=%2Fwp%2Fv2%2Fmedia&parent=91"}],"curies":[{"name":"wp","href":"https:\/\/api.w.org\/{rel}","templated":true}]}}