{"id":93,"date":"2020-09-30T12:39:33","date_gmt":"2020-09-30T09:39:33","guid":{"rendered":"https:\/\/mafnu.tfo.k12.tr\/?page_id=93"},"modified":"2020-10-02T13:54:05","modified_gmt":"2020-10-02T10:54:05","slug":"vocabulaire-pour-les-debats","status":"publish","type":"page","link":"https:\/\/mafnu.tfo.k12.tr\/?page_id=93","title":{"rendered":"VOCABULAIRE POUR LES DEBATS"},"content":{"rendered":"\n<h2 class=\"wp-block-heading\" style=\"font-size:24px\"><span class=\"has-inline-color has-luminous-vivid-orange-color\">VOCABULAIRE \u00c0 UTILISER PENDANT LA CONF\u00c9RENCE<\/span><\/h2>\n\n\n\n<p>Avant de&nbsp;commencer&nbsp;son discours, il faut toujours dire :<\/p>\n\n\n\n<p>&#8211; Honorable pr\u00e9sidence, chers d\u00e9l\u00e9gu\u00e9s,<\/p>\n\n\n\n<p>Lorsqu&#8217;un d\u00e9l\u00e9gu\u00e9 s&#8217;exprime, il peut utiliser les phrases suivantes :<\/p>\n\n\n\n<p>ATTENTION, un d\u00e9l\u00e9gu\u00e9 ne doit pas utiliser la premi\u00e8re personne du singulier, JE quand il parle.<\/p>\n\n\n\n<ul><li>La d\u00e9l\u00e9gation du \/ de \/ des <strong><em><strong><em><strong><em><strong><em>_<\/em><\/strong><\/em><\/strong>___________<\/em><\/strong><\/em><\/strong> ne pense-t-elle pas qu\u2019il serait pr\u00e9f\u00e9rable que les \u00c9tats membres\u2026 ?<\/li><li>La d\u00e9l\u00e9gation du \/ de \/ des <strong><em><strong><em><strong><em><strong><em><strong><em><strong><em>_<\/em><\/strong><\/em><\/strong>___________<\/em><\/strong><\/em><\/strong><\/em><\/strong><\/em><\/strong> est-elle consciente que dans de nombreux pays, \u2026<\/li><li>La d\u00e9l\u00e9gation du \/ de \/ des <strong><em><strong><em><strong><em><strong><em><strong><em><strong><em>_<\/em><\/strong><\/em><\/strong>___________<\/em><\/strong><\/em><\/strong><\/em><\/strong><\/em><\/strong> aimerait que la d\u00e9l\u00e9gation du \/ de \/ des <strong><em><strong><em><strong><em><strong><em><strong><em><strong><em>_<\/em><\/strong><\/em><\/strong>___________<\/em><\/strong><\/em><\/strong><\/em><\/strong><\/em><\/strong> s\u2019exprime de fa\u00e7on moins rapide et moins forte. En effet, ce n\u2019est pas parce qu\u2019elle parle fort qu\u2019elle a forc\u00e9ment raison. Cela est peut-\u00eatre un subterfuge pour impressionner les autres d\u00e9l\u00e9gations et \u00e9viter les points d\u2019information.<\/li><li>La d\u00e9l\u00e9gation du \/ de \/ des <strong><em><strong><em><strong><em><strong><em><strong><em><strong><em>_<\/em><\/strong><\/em><\/strong>___________<\/em><\/strong><\/em><\/strong><\/em><\/strong><\/em><\/strong> tient \u00e0 souligner que\u2026<\/li><li>La d\u00e9l\u00e9gation du \/ de \/ des <strong><em><strong><em><strong><em><strong><em><strong><em><strong><em>_<\/em><\/strong><\/em><\/strong>___________<\/em><\/strong><\/em><\/strong><\/em><\/strong><\/em><\/strong> aimerait faire remarquer que\u2026<\/li><li>La d\u00e9l\u00e9gation du \/ de \/ des <strong><em><strong><em><strong><em><strong><em><strong><em><strong><em>_<\/em><\/strong><\/em><\/strong>___________<\/em><\/strong><\/em><\/strong><\/em><\/strong><\/em><\/strong> c\u00e8de la parole \u00e0 la pr\u00e9sidence.<\/li><li>En tant que la d\u00e9l\u00e9gation de l\u2019Italie, nous trouvons qu\u2019il est indispensable de + inf<\/li><li>La d\u00e9l\u00e9gation de la France peut-elle reformuler de fa\u00e7on plus compr\u00e9hensible ses propos ?<\/li><li>La d\u00e9l\u00e9gation de la France peut-elle s\u2019exprimer de fa\u00e7on plus claire ?<\/li><\/ul>\n\n\n\n<p>&nbsp; &nbsp; &nbsp; Avant de&nbsp;terminer&nbsp;son discours, il faut toujours dire :<\/p>\n\n\n\n<ul><li>Nous c\u00e9dons la parole \u00e0 la Pr\u00e9sidence.<\/li><li>La d\u00e9l\u00e9gation du \/ de \/ des <strong><em><strong><em><strong><em><strong><em><strong><em><strong><em>_<\/em><\/strong><\/em><\/strong>___________<\/em><\/strong><\/em><\/strong><\/em><\/strong><\/em><\/strong> rend la parole \u00e0 la Pr\u00e9sidence.<\/li><\/ul>\n","protected":false},"excerpt":{"rendered":"VOCABULAIRE \u00c0 UTILISER PENDANT LA CONF\u00c9RENCE Avant de&nbsp;commencer&nbsp;son discours, il faut toujours dire : &#8211; Honorable pr\u00e9sidence, chers d\u00e9l\u00e9gu\u00e9s, Lorsqu&#8217;un d\u00e9l\u00e9gu\u00e9 s&#8217;exprime, il \n<a class=\"moretag\" href=\"https:\/\/mafnu.tfo.k12.tr\/?page_id=93\"> [...]<\/a>","protected":false},"author":1,"featured_media":0,"parent":0,"menu_order":0,"comment_status":"closed","ping_status":"closed","template":"layouts\/fullwidth.php","meta":{"footnotes":""},"_links":{"self":[{"href":"https:\/\/mafnu.tfo.k12.tr\/index.php?rest_route=\/wp\/v2\/pages\/93"}],"collection":[{"href":"https:\/\/mafnu.tfo.k12.tr\/index.php?rest_route=\/wp\/v2\/pages"}],"about":[{"href":"https:\/\/mafnu.tfo.k12.tr\/index.php?rest_route=\/wp\/v2\/types\/page"}],"author":[{"embeddable":true,"href":"https:\/\/mafnu.tfo.k12.tr\/index.php?rest_route=\/wp\/v2\/users\/1"}],"replies":[{"embeddable":true,"href":"https:\/\/mafnu.tfo.k12.tr\/index.php?rest_route=%2Fwp%2Fv2%2Fcomments&post=93"}],"version-history":[{"count":5,"href":"https:\/\/mafnu.tfo.k12.tr\/index.php?rest_route=\/wp\/v2\/pages\/93\/revisions"}],"predecessor-version":[{"id":345,"href":"https:\/\/mafnu.tfo.k12.tr\/index.php?rest_route=\/wp\/v2\/pages\/93\/revisions\/345"}],"wp:attachment":[{"href":"https:\/\/mafnu.tfo.k12.tr\/index.php?rest_route=%2Fwp%2Fv2%2Fmedia&parent=93"}],"curies":[{"name":"wp","href":"https:\/\/api.w.org\/{rel}","templated":true}]}}