{"id":94,"date":"2020-09-30T12:39:33","date_gmt":"2020-09-30T09:39:33","guid":{"rendered":"https:\/\/mafnu.tfo.k12.tr\/?page_id=94"},"modified":"2020-10-02T14:11:26","modified_gmt":"2020-10-02T11:11:26","slug":"procedures","status":"publish","type":"page","link":"https:\/\/mafnu.tfo.k12.tr\/?page_id=94","title":{"rendered":"PROC\u00c9DURES"},"content":{"rendered":"\n<h2 class=\"wp-block-heading\" style=\"font-size:24px\"><span class=\"has-inline-color has-luminous-vivid-orange-color\">PRENDRE LA PAROLE PENDANT LA CONF\u00c9RENCE<\/span><\/h2>\n\n\n\n<p class=\"has-medium-font-size\">L&#8217;objectif de cette conf\u00e9rence est que chaque \u00e9l\u00e8ve puisse prendre la parole et d\u00e9battre de sujets d&#8217;actualit\u00e9&nbsp;tout en respectant les codes&nbsp;vestimentaires ou de prise de parole des conf\u00e9rences de l&#8217;ONU.<\/p>\n\n\n\n<div class=\"wp-block-image\"><figure class=\"alignleft size-large\"><img decoding=\"async\" loading=\"lazy\" width=\"850\" height=\"1024\" src=\"https:\/\/mafnu.tfo.k12.tr\/wp-content\/uploads\/2020\/10\/mafnu-afis-21-850x1024.jpg\" alt=\"\" class=\"wp-image-347\" srcset=\"https:\/\/mafnu.tfo.k12.tr\/wp-content\/uploads\/2020\/10\/mafnu-afis-21-850x1024.jpg 850w, https:\/\/mafnu.tfo.k12.tr\/wp-content\/uploads\/2020\/10\/mafnu-afis-21-249x300.jpg 249w, https:\/\/mafnu.tfo.k12.tr\/wp-content\/uploads\/2020\/10\/mafnu-afis-21-768x925.jpg 768w, https:\/\/mafnu.tfo.k12.tr\/wp-content\/uploads\/2020\/10\/mafnu-afis-21.jpg 959w\" sizes=\"(max-width: 850px) 100vw, 850px\" \/><\/figure><\/div>\n\n\n\n<p><\/p>\n\n\n\n<p><\/p>\n\n\n\n<h2 class=\"wp-block-heading\" style=\"font-size:24px\"><strong><span class=\"has-inline-color has-luminous-vivid-orange-color\">1. LES POINTS<\/span><\/strong><\/h2>\n\n\n\n<h2 class=\"wp-block-heading\" style=\"font-size:24px\"><strong><span class=\"has-inline-color has-luminous-vivid-orange-color\">A. Le point d&#8217;information<\/span><\/strong><\/h2>\n\n\n\n<div class=\"wp-block-image\"><figure class=\"alignleft size-large\"><img decoding=\"async\" loading=\"lazy\" width=\"951\" height=\"292\" src=\"https:\/\/mafnu.tfo.k12.tr\/wp-content\/uploads\/2020\/10\/mafnu-afis-22.jpg\" alt=\"\" class=\"wp-image-348\" srcset=\"https:\/\/mafnu.tfo.k12.tr\/wp-content\/uploads\/2020\/10\/mafnu-afis-22.jpg 951w, https:\/\/mafnu.tfo.k12.tr\/wp-content\/uploads\/2020\/10\/mafnu-afis-22-300x92.jpg 300w, https:\/\/mafnu.tfo.k12.tr\/wp-content\/uploads\/2020\/10\/mafnu-afis-22-768x236.jpg 768w\" sizes=\"(max-width: 951px) 100vw, 951px\" \/><\/figure><\/div>\n\n\n\n<h2 class=\"wp-block-heading\" style=\"font-size:24px\"><strong><span class=\"has-inline-color has-luminous-vivid-orange-color\">B. Le point de privil\u00e8ge personnel<\/span><\/strong><\/h2>\n\n\n\n<div class=\"wp-block-image\"><figure class=\"alignleft size-large\"><img decoding=\"async\" loading=\"lazy\" width=\"959\" height=\"292\" src=\"https:\/\/mafnu.tfo.k12.tr\/wp-content\/uploads\/2020\/10\/mafnu-afis-23.jpg\" alt=\"\" class=\"wp-image-349\" srcset=\"https:\/\/mafnu.tfo.k12.tr\/wp-content\/uploads\/2020\/10\/mafnu-afis-23.jpg 959w, https:\/\/mafnu.tfo.k12.tr\/wp-content\/uploads\/2020\/10\/mafnu-afis-23-300x91.jpg 300w, https:\/\/mafnu.tfo.k12.tr\/wp-content\/uploads\/2020\/10\/mafnu-afis-23-768x234.jpg 768w\" sizes=\"(max-width: 959px) 100vw, 959px\" \/><\/figure><\/div>\n\n\n\n<h2 class=\"wp-block-heading\" style=\"font-size:24px\"><strong><span class=\"has-inline-color has-luminous-vivid-orange-color\">C. Le point de proc\u00e9dure<\/span><\/strong><\/h2>\n\n\n\n<div class=\"wp-block-image\"><figure class=\"alignleft size-large\"><img decoding=\"async\" loading=\"lazy\" width=\"951\" height=\"297\" src=\"https:\/\/mafnu.tfo.k12.tr\/wp-content\/uploads\/2020\/10\/mafnu-afis-24.jpg\" alt=\"\" class=\"wp-image-350\" srcset=\"https:\/\/mafnu.tfo.k12.tr\/wp-content\/uploads\/2020\/10\/mafnu-afis-24.jpg 951w, https:\/\/mafnu.tfo.k12.tr\/wp-content\/uploads\/2020\/10\/mafnu-afis-24-300x94.jpg 300w, https:\/\/mafnu.tfo.k12.tr\/wp-content\/uploads\/2020\/10\/mafnu-afis-24-768x240.jpg 768w\" sizes=\"(max-width: 951px) 100vw, 951px\" \/><\/figure><\/div>\n\n\n\n<h2 class=\"wp-block-heading\" style=\"font-size:24px\"><strong><span class=\"has-inline-color has-luminous-vivid-orange-color\">D. Le point d&#8217;enqu\u00eate parlementaire<\/span><\/strong><\/h2>\n\n\n\n<div class=\"wp-block-image\"><figure class=\"alignleft size-large\"><img decoding=\"async\" loading=\"lazy\" width=\"346\" height=\"310\" src=\"https:\/\/mafnu.tfo.k12.tr\/wp-content\/uploads\/2020\/10\/mafnu-afis-25.jpg\" alt=\"\" class=\"wp-image-351\" srcset=\"https:\/\/mafnu.tfo.k12.tr\/wp-content\/uploads\/2020\/10\/mafnu-afis-25.jpg 346w, https:\/\/mafnu.tfo.k12.tr\/wp-content\/uploads\/2020\/10\/mafnu-afis-25-300x269.jpg 300w\" sizes=\"(max-width: 346px) 100vw, 346px\" \/><\/figure><\/div>\n\n\n\n<p><\/p>\n\n\n\n<p><\/p>\n\n\n\n<p><\/p>\n\n\n\n<p><\/p>\n\n\n\n<p><\/p>\n\n\n\n<p><\/p>\n\n\n\n<p><\/p>\n\n\n\n<p><\/p>\n\n\n\n<h2 class=\"has-luminous-vivid-orange-color has-text-color wp-block-heading\" style=\"font-size:24px\"><strong>2. LES MOTIONS<\/strong><\/h2>\n\n\n\n<h2 class=\"has-luminous-vivid-orange-color has-text-color wp-block-heading\" style=\"font-size:24px\"><strong>A. La motion pour passer \u00e0 la proc\u00e9dure de vote<\/strong><\/h2>\n\n\n\n<p class=\"has-medium-font-size\">Les applaudissements sont seulement autoris\u00e9s quand une r\u00e9solution est adopt\u00e9e et jamais quand elle est rejet\u00e9e ou quand ce n&#8217;est qu&#8217;une clause ou un amendement qui est adopt\u00e9 !<\/p>\n\n\n\n<div class=\"wp-block-image\"><figure class=\"alignleft size-large\"><img decoding=\"async\" loading=\"lazy\" width=\"950\" height=\"577\" src=\"https:\/\/mafnu.tfo.k12.tr\/wp-content\/uploads\/2020\/10\/mafnu-afis-26.jpg\" alt=\"\" class=\"wp-image-352\" srcset=\"https:\/\/mafnu.tfo.k12.tr\/wp-content\/uploads\/2020\/10\/mafnu-afis-26.jpg 950w, https:\/\/mafnu.tfo.k12.tr\/wp-content\/uploads\/2020\/10\/mafnu-afis-26-300x182.jpg 300w, https:\/\/mafnu.tfo.k12.tr\/wp-content\/uploads\/2020\/10\/mafnu-afis-26-768x466.jpg 768w\" sizes=\"(max-width: 950px) 100vw, 950px\" \/><\/figure><\/div>\n\n\n\n<h2 class=\"has-luminous-vivid-orange-color has-text-color wp-block-heading\" style=\"font-size:24px\"><strong>B. Les motions pour prolonger le temps de d\u00e9bat, pour diviser l&#8217;assembl\u00e9e, pour ajourner les d\u00e9bats<\/strong><\/h2>\n\n\n\n<div class=\"wp-block-image\"><figure class=\"alignleft size-large\"><img decoding=\"async\" loading=\"lazy\" width=\"958\" height=\"295\" src=\"https:\/\/mafnu.tfo.k12.tr\/wp-content\/uploads\/2020\/10\/mafnu-afis-27.jpg\" alt=\"\" class=\"wp-image-354\" srcset=\"https:\/\/mafnu.tfo.k12.tr\/wp-content\/uploads\/2020\/10\/mafnu-afis-27.jpg 958w, https:\/\/mafnu.tfo.k12.tr\/wp-content\/uploads\/2020\/10\/mafnu-afis-27-300x92.jpg 300w, https:\/\/mafnu.tfo.k12.tr\/wp-content\/uploads\/2020\/10\/mafnu-afis-27-768x236.jpg 768w\" sizes=\"(max-width: 958px) 100vw, 958px\" \/><\/figure><\/div>\n\n\n\n<p><\/p>\n\n\n\n<p><\/p>\n\n\n\n<h2 class=\"has-luminous-vivid-orange-color has-text-color wp-block-heading\" style=\"font-size:24px\"><strong>3. LES AMENDEMENTS<\/strong><\/h2>\n\n\n\n<p class=\"has-medium-font-size\">Si un d\u00e9l\u00e9gu\u00e9 d\u00e9sire que soit d\u00e9battue l&#8217;annulation ou l&#8217;ajout d&#8217;une ou de plusieurs clauses ou sous-clauses d&#8217;une r\u00e9solution, ou s&#8217;il veut que soit d\u00e9battue la modification d&#8217;une ou de plusieurs clauses ou sous-clauses d&#8217;une r\u00e9solution, il transmet un amendement \u00e0 la pr\u00e9sidence par l&#8217;interm\u00e9diaire des messagers. Les d\u00e9l\u00e9gu\u00e9s qui font des amendements devront soutenir ces amendements lors d&#8217;un discours qu&#8217;ils pr\u00e9pareront lors des d\u00e9bats et les d\u00e9l\u00e9gations qui veulent soutenir cet ou ces amendements pourront en faire de m\u00eame si elles le d\u00e9sirent. Les d\u00e9l\u00e9gations qui s&#8217;opposent \u00e0 un amendement peuvent faire un discours contre si elles le souhaitent.<\/p>\n\n\n\n<div class=\"wp-block-image\"><figure class=\"alignleft size-large\"><img decoding=\"async\" loading=\"lazy\" width=\"956\" height=\"579\" src=\"https:\/\/mafnu.tfo.k12.tr\/wp-content\/uploads\/2020\/10\/mafnu-afis-28.jpg\" alt=\"\" class=\"wp-image-355\" srcset=\"https:\/\/mafnu.tfo.k12.tr\/wp-content\/uploads\/2020\/10\/mafnu-afis-28.jpg 956w, https:\/\/mafnu.tfo.k12.tr\/wp-content\/uploads\/2020\/10\/mafnu-afis-28-300x182.jpg 300w, https:\/\/mafnu.tfo.k12.tr\/wp-content\/uploads\/2020\/10\/mafnu-afis-28-768x465.jpg 768w\" sizes=\"(max-width: 956px) 100vw, 956px\" \/><\/figure><\/div>\n","protected":false},"excerpt":{"rendered":"PRENDRE LA PAROLE PENDANT LA CONF\u00c9RENCE L&#8217;objectif de cette conf\u00e9rence est que chaque \u00e9l\u00e8ve puisse prendre la parole et d\u00e9battre de sujets d&#8217;actualit\u00e9&nbsp;tout \n<a class=\"moretag\" href=\"https:\/\/mafnu.tfo.k12.tr\/?page_id=94\"> [...]<\/a>","protected":false},"author":1,"featured_media":0,"parent":0,"menu_order":0,"comment_status":"closed","ping_status":"closed","template":"layouts\/fullwidth.php","meta":{"footnotes":""},"_links":{"self":[{"href":"https:\/\/mafnu.tfo.k12.tr\/index.php?rest_route=\/wp\/v2\/pages\/94"}],"collection":[{"href":"https:\/\/mafnu.tfo.k12.tr\/index.php?rest_route=\/wp\/v2\/pages"}],"about":[{"href":"https:\/\/mafnu.tfo.k12.tr\/index.php?rest_route=\/wp\/v2\/types\/page"}],"author":[{"embeddable":true,"href":"https:\/\/mafnu.tfo.k12.tr\/index.php?rest_route=\/wp\/v2\/users\/1"}],"replies":[{"embeddable":true,"href":"https:\/\/mafnu.tfo.k12.tr\/index.php?rest_route=%2Fwp%2Fv2%2Fcomments&post=94"}],"version-history":[{"count":5,"href":"https:\/\/mafnu.tfo.k12.tr\/index.php?rest_route=\/wp\/v2\/pages\/94\/revisions"}],"predecessor-version":[{"id":358,"href":"https:\/\/mafnu.tfo.k12.tr\/index.php?rest_route=\/wp\/v2\/pages\/94\/revisions\/358"}],"wp:attachment":[{"href":"https:\/\/mafnu.tfo.k12.tr\/index.php?rest_route=%2Fwp%2Fv2%2Fmedia&parent=94"}],"curies":[{"name":"wp","href":"https:\/\/api.w.org\/{rel}","templated":true}]}}