{"id":95,"date":"2020-09-30T12:39:33","date_gmt":"2020-09-30T09:39:33","guid":{"rendered":"https:\/\/mafnu.tfo.k12.tr\/?page_id=95"},"modified":"2020-10-02T14:31:39","modified_gmt":"2020-10-02T11:31:39","slug":"formulaire-dinscription","status":"publish","type":"page","link":"https:\/\/mafnu.tfo.k12.tr\/?page_id=95","title":{"rendered":"FORMULAIRE D&#8217;INSCRIPTION"},"content":{"rendered":"\n<p>Vous avez d\u00e9cid\u00e9 de vivre l&#8217;aventure MAFNU avec nous.<\/p>\n\n\n\n<p>Alors compl\u00e9tez vite le formulaire d&#8217;inscription ci-dessous et envoyez-le nous \u00e0 l&#8217;adresse mail suivante :<br><a href=\"mailto:mafnu.college@gmail.com\">mafnu.college@gmail.com<\/a><\/p>\n\n\n\n<p>&nbsp;La date limite d&#8217;inscription est le 31 octobre 2019.<\/p>\n\n\n\n<div class=\"wp-block-buttons is-layout-flex wp-block-buttons-is-layout-flex\">\n<div class=\"wp-block-button\"><a class=\"wp-block-button__link\" href=\"https:\/\/mafnu.tfo.k12.tr\/wp-content\/uploads\/2020\/10\/Formulaire_dinscription_2020.doc\" target=\"_blank\" rel=\"noreferrer noopener\">        FORMULAIRE D&#8217;INSCRIPTION        <\/a><\/div>\n<\/div>\n\n\n\n<p><\/p>\n","protected":false},"excerpt":{"rendered":"Vous avez d\u00e9cid\u00e9 de vivre l&#8217;aventure MAFNU avec nous. Alors compl\u00e9tez vite le formulaire d&#8217;inscription ci-dessous et envoyez-le nous \u00e0 l&#8217;adresse mail suivante \n<a class=\"moretag\" href=\"https:\/\/mafnu.tfo.k12.tr\/?page_id=95\"> [...]<\/a>","protected":false},"author":1,"featured_media":0,"parent":0,"menu_order":0,"comment_status":"closed","ping_status":"closed","template":"layouts\/fullwidth.php","meta":{"footnotes":""},"_links":{"self":[{"href":"https:\/\/mafnu.tfo.k12.tr\/index.php?rest_route=\/wp\/v2\/pages\/95"}],"collection":[{"href":"https:\/\/mafnu.tfo.k12.tr\/index.php?rest_route=\/wp\/v2\/pages"}],"about":[{"href":"https:\/\/mafnu.tfo.k12.tr\/index.php?rest_route=\/wp\/v2\/types\/page"}],"author":[{"embeddable":true,"href":"https:\/\/mafnu.tfo.k12.tr\/index.php?rest_route=\/wp\/v2\/users\/1"}],"replies":[{"embeddable":true,"href":"https:\/\/mafnu.tfo.k12.tr\/index.php?rest_route=%2Fwp%2Fv2%2Fcomments&post=95"}],"version-history":[{"count":5,"href":"https:\/\/mafnu.tfo.k12.tr\/index.php?rest_route=\/wp\/v2\/pages\/95\/revisions"}],"predecessor-version":[{"id":368,"href":"https:\/\/mafnu.tfo.k12.tr\/index.php?rest_route=\/wp\/v2\/pages\/95\/revisions\/368"}],"wp:attachment":[{"href":"https:\/\/mafnu.tfo.k12.tr\/index.php?rest_route=%2Fwp%2Fv2%2Fmedia&parent=95"}],"curies":[{"name":"wp","href":"https:\/\/api.w.org\/{rel}","templated":true}]}}