{"id":96,"date":"2020-09-30T12:39:33","date_gmt":"2020-09-30T09:39:33","guid":{"rendered":"https:\/\/mafnu.tfo.k12.tr\/?page_id=96"},"modified":"2020-10-02T14:37:07","modified_gmt":"2020-10-02T11:37:07","slug":"formulaires-complementaires","status":"publish","type":"page","link":"https:\/\/mafnu.tfo.k12.tr\/?page_id=96","title":{"rendered":"FORMULAIRES COMPL\u00c9MENTAIRES"},"content":{"rendered":"\n<h2 class=\"has-luminous-vivid-orange-color has-text-color wp-block-heading\" style=\"font-size:24px\"><strong>AUTRES FORMULAIRES<\/strong><\/h2>\n\n\n\n<p class=\"has-medium-font-size\">               Veuillez prendre aussi connaissance des formulaires ci-dessous et les renvoyer d\u00fbment compl\u00e9t\u00e9s \u00e0 l&#8217;adresse suivante: <a href=\"mailto:mafnu.college@gmail.com\">mafnu.college@gmail.com<\/a><\/p>\n\n\n\n<div class=\"wp-block-columns is-layout-flex wp-container-7 wp-block-columns-is-layout-flex\">\n<div class=\"wp-block-column is-layout-flow wp-block-column-is-layout-flow\">\n<div class=\"wp-block-buttons is-layout-flex wp-block-buttons-is-layout-flex\">\n<div class=\"wp-block-button\"><a class=\"wp-block-button__link\" href=\"https:\/\/mafnu.tfo.k12.tr\/wp-content\/uploads\/2020\/10\/HE\u0301BERGEMENT_EN_FAMILLE.docx\" target=\"_blank\" rel=\"noreferrer noopener\">H\u00c9BERGEMENT EN FAMILLE<\/a><\/div>\n<\/div>\n<\/div>\n\n\n\n<div class=\"wp-block-column is-layout-flow wp-block-column-is-layout-flow\">\n<div class=\"wp-block-buttons is-layout-flex wp-block-buttons-is-layout-flex\">\n<div class=\"wp-block-button\"><a class=\"wp-block-button__link\" href=\"https:\/\/mafnu.tfo.k12.tr\/wp-content\/uploads\/2020\/10\/CHARTE_-_MAFNU_colle\u0300ge.doc\" target=\"_blank\" rel=\"noreferrer noopener\">CHARTE DU PARTICIPANT<\/a><\/div>\n<\/div>\n<\/div>\n\n\n\n<div class=\"wp-block-column is-layout-flow wp-block-column-is-layout-flow\">\n<div class=\"wp-block-buttons is-layout-flex wp-block-buttons-is-layout-flex\">\n<div class=\"wp-block-button\"><a class=\"wp-block-button__link\" href=\"https:\/\/mafnu.tfo.k12.tr\/wp-content\/uploads\/2020\/10\/Formulaire_droit_a\u0300_limage_-_MAFNU_colle\u0300ge.doc\" target=\"_blank\" rel=\"noreferrer noopener\">DROIT \u00c0 L&#8217;IMAGE<\/a><\/div>\n<\/div>\n<\/div>\n<\/div>\n\n\n\n<p><\/p>\n","protected":false},"excerpt":{"rendered":"AUTRES FORMULAIRES Veuillez prendre aussi connaissance des formulaires ci-dessous et les renvoyer d\u00fbment compl\u00e9t\u00e9s \u00e0 l&#8217;adresse suivante: mafnu.college@gmail.com\n<a class=\"moretag\" href=\"https:\/\/mafnu.tfo.k12.tr\/?page_id=96\"> [...]<\/a>","protected":false},"author":1,"featured_media":0,"parent":0,"menu_order":0,"comment_status":"closed","ping_status":"closed","template":"layouts\/fullwidth.php","meta":{"footnotes":""},"_links":{"self":[{"href":"https:\/\/mafnu.tfo.k12.tr\/index.php?rest_route=\/wp\/v2\/pages\/96"}],"collection":[{"href":"https:\/\/mafnu.tfo.k12.tr\/index.php?rest_route=\/wp\/v2\/pages"}],"about":[{"href":"https:\/\/mafnu.tfo.k12.tr\/index.php?rest_route=\/wp\/v2\/types\/page"}],"author":[{"embeddable":true,"href":"https:\/\/mafnu.tfo.k12.tr\/index.php?rest_route=\/wp\/v2\/users\/1"}],"replies":[{"embeddable":true,"href":"https:\/\/mafnu.tfo.k12.tr\/index.php?rest_route=%2Fwp%2Fv2%2Fcomments&post=96"}],"version-history":[{"count":4,"href":"https:\/\/mafnu.tfo.k12.tr\/index.php?rest_route=\/wp\/v2\/pages\/96\/revisions"}],"predecessor-version":[{"id":374,"href":"https:\/\/mafnu.tfo.k12.tr\/index.php?rest_route=\/wp\/v2\/pages\/96\/revisions\/374"}],"wp:attachment":[{"href":"https:\/\/mafnu.tfo.k12.tr\/index.php?rest_route=%2Fwp%2Fv2%2Fmedia&parent=96"}],"curies":[{"name":"wp","href":"https:\/\/api.w.org\/{rel}","templated":true}]}}