{"id":98,"date":"2020-09-30T12:39:33","date_gmt":"2020-09-30T09:39:33","guid":{"rendered":"https:\/\/mafnu.tfo.k12.tr\/?page_id=98"},"modified":"2025-02-17T18:04:23","modified_gmt":"2025-02-17T15:04:23","slug":"programme","status":"publish","type":"page","link":"https:\/\/mafnu.tfo.k12.tr\/?page_id=98","title":{"rendered":"PROGRAMME"},"content":{"rendered":"<div class=\"wp-block-image\">\n<figure class=\"alignright\"><img decoding=\"async\" src=\"https:\/\/static.wixstatic.com\/media\/5d090f_cd6027525ac54d9384f0f2ab2cda8190~mv2.jpg\/v1\/crop\/x_46,y_238,w_548,h_548\/fill\/w_129,h_129,al_c,q_80,usm_0.66_1.00_0.01\/5d090f_cd6027525ac54d9384f0f2ab2cda8190~mv2.webp\" alt=\"\"\/><\/figure><\/div>\n\n\n<p class=\"has-text-align-center\" style=\"font-size:30px\"><strong>08-09 MARS 2025<\/strong><br><strong>PROGRAMME<\/strong><br><strong>MAFNU coll\u00e8ge<\/strong><\/p>\n\n\n\n<p>\u00a0\u00a0\u00a0\u00a0\u00a0\u00a0\u00a0\u00a0\u00a0\u00a0\u00a0\u00a0Les d\u00e9l\u00e9gations provenant des \u00e9tablissements ext\u00e9rieurs \u00e0 Ankara sont les bienvenues \u00e0 partir du vendredi 07 mars 2025 et seront accueillies \u00e0 leur arriv\u00e9e \u00e0 Ankara, \u00e0 l\u2019a\u00e9roport, \u00e0 la gare routi\u00e8re ou ferroviaire par des membres de l\u2019\u00e9quipe organisatrice. Tous les d\u00e9l\u00e9gu\u00e9s et membres de l\u2019\u00c9tat-major ext\u00e9rieurs \u00e0 Ankara pourront \u00eatre log\u00e9s en familles d\u2019accueil sur simple demande pr\u00e9alable.<\/p>\n\n\n\n<p><strong>SAMEDI 08\u00a0mars 2025<\/strong><\/p>\n\n\n\n<p>9h &#8211; 9h15 \u00a0 \u00a0 \u00a0\u00a0\u00a0\u00a0 \u00a0\u00a0\u00a0\u00a0\u00a0\u00a0\u00a0\u00a0\u00a0\u00a0 Accueil des d\u00e9l\u00e9gations dans notre \u00e9tablissement (remise des badges\/\u00e9cole)<br>9h15 &#8211; 9h45\u00a0 \u00a0 \u00a0 \u00a0 \u00a0 \u00a0 \u00a0 \u00a0 PETIT-D\u00c9JEUNER \u00e0 la \u00ab\u00a0fran\u00e7aise\u00a0\u00bb<br>9h45 &#8211; 10h45 \u00a0\u00a0\u00a0 \u00a0\u00a0\u00a0\u00a0\u00a0\u00a0\u00a0\u00a0\u00a0C\u00e9r\u00e9monie d\u2019ouverture\u00a0dans notre salle de conf\u00e9rence<br>10h45 -11h\u00a0\u00a0\u00a0 \u00a0\u00a0\u00a0\u00a0\u00a0\u00a0\u00a0\u00a0\u00a0\u00a0\u00a0  PAUSE<\/p>\n\n\n\n<p>11h-12h30<\/p>\n\n\n\n<p class=\"has-vivid-cyan-blue-color has-text-color\">&nbsp; &nbsp; &nbsp; &nbsp; &nbsp; &nbsp; &nbsp; &nbsp; &nbsp; &nbsp; &nbsp; &nbsp; &nbsp; &nbsp; &nbsp; &nbsp; &nbsp; &nbsp;(COCKTAIL DE BIENVENUE POUR LES CONSEILLERS ET LES INVIT\u00c9S)&nbsp;&nbsp;<\/p>\n\n\n\n<p>12h30 &#8211; 13h30&nbsp; &nbsp; &nbsp; &nbsp; &nbsp; &nbsp; &nbsp; D\u00c9JEUNER \u00c0 LA CANTINE DE L\u2019\u00c9COLE<br>13h30 &#8211; 15h&nbsp;&nbsp; &nbsp;&nbsp;&nbsp; &nbsp;&nbsp;&nbsp;&nbsp;&nbsp;&nbsp;&nbsp;&nbsp;&nbsp;&nbsp;&nbsp;D\u00e9bats informels \u2192&nbsp;\u00e9laboration des r\u00e9solutions avec mise en commun des clauses de pr\u00e9ambule et op\u00e9ratoires<br>15h &#8211; 15h15&nbsp;&nbsp; &nbsp;&nbsp;&nbsp; &nbsp;&nbsp;&nbsp;&nbsp;&nbsp;&nbsp;&nbsp;&nbsp;&nbsp;&nbsp;&nbsp;PAUSE GO\u00dbTER<br>15h15 &#8211; 17h&nbsp;&nbsp; &nbsp;&nbsp;&nbsp; &nbsp;&nbsp;&nbsp;&nbsp;&nbsp;&nbsp;&nbsp;&nbsp;&nbsp;&nbsp;&nbsp;D\u00e9bats informels \u2192&nbsp;\u00e9laboration des r\u00e9solutions avec mise en commun des clauses de pr\u00e9ambule et op\u00e9ratoires<br>17h &#8211; 17h45&nbsp;&nbsp; &nbsp;&nbsp;&nbsp; &nbsp;&nbsp;&nbsp;&nbsp;&nbsp;&nbsp;&nbsp;&nbsp;&nbsp;&nbsp;&nbsp;R\u00e9union des membres de l\u2019\u00c9tat-major<br>17h &#8211; 19h30&nbsp;&nbsp;&nbsp;&nbsp;&nbsp;&nbsp; &nbsp;&nbsp;&nbsp;&nbsp;&nbsp;&nbsp;&nbsp;&nbsp;&nbsp;&nbsp;&nbsp;\u00ab&nbsp;AFTER\u00bb MUSICAL + COCKTAIL DE BIENVENUE POUR LES D\u00c9L\u00c9GU\u00c9S<\/p>\n\n\n\n<p><strong>DIMANCHE&nbsp;12&nbsp;JANVIER 2020<\/strong>&nbsp; &nbsp;&nbsp;<\/p>\n\n\n\n<p>9h &#8211; 10h30 &nbsp; &nbsp; &nbsp;&nbsp;&nbsp;&nbsp;&nbsp;&nbsp;&nbsp;&nbsp;&nbsp;&nbsp;&nbsp;&nbsp;&nbsp;&nbsp; D\u00e9bats formels<br>10h30 &#8211; 11h &nbsp;&nbsp;&nbsp;&nbsp;&nbsp; &nbsp;&nbsp;&nbsp;&nbsp;&nbsp;&nbsp;&nbsp;&nbsp;&nbsp;&nbsp;&nbsp;PAUSE croissants<br>11h &nbsp;&#8211; 12h30&nbsp;&nbsp;&nbsp;&nbsp;&nbsp; &nbsp;&nbsp;&nbsp;&nbsp;&nbsp;&nbsp;&nbsp;&nbsp;&nbsp;&nbsp;&nbsp;D\u00e9bats formels<br>12 h30 &#8211; 13h30&nbsp; &nbsp;&nbsp;&nbsp;&nbsp;&nbsp;&nbsp;&nbsp;&nbsp;&nbsp;&nbsp;&nbsp;D\u00c9JEUNER \u00c0 LA CANTINE DE L\u2019\u00c9COLE<br>13h30 &#8211; 15h&nbsp;&nbsp;&nbsp;&nbsp;&nbsp;&nbsp; &nbsp;&nbsp;&nbsp;&nbsp;&nbsp;&nbsp;&nbsp;&nbsp;&nbsp;&nbsp; R\u00e9union de l\u2019Assembl\u00e9e G\u00e9n\u00e9rale dans la salle de conf\u00e9rence&nbsp;<br>&nbsp; &nbsp; &nbsp; &nbsp; &nbsp; &nbsp; &nbsp; &nbsp; &nbsp; &nbsp; &nbsp; &nbsp; &nbsp; &nbsp; &nbsp; &nbsp; &nbsp; &nbsp; Conseil de s\u00e9curit\u00e9 et conseil historique dans leur comit\u00e9<br>15h &#8211; 15h15&nbsp;&nbsp; &nbsp;&nbsp;&nbsp; &nbsp;&nbsp;&nbsp;&nbsp;&nbsp;&nbsp;&nbsp;&nbsp;&nbsp;&nbsp;&nbsp;PAUSE GO\u00dbTER<br>15h15 &#8211; 15h45 &nbsp; &nbsp;&nbsp;&nbsp;&nbsp;&nbsp;&nbsp;&nbsp;&nbsp;&nbsp;&nbsp;&nbsp;R\u00e9union de l\u2019Assembl\u00e9e G\u00e9n\u00e9rale dans la salle de conf\u00e9rence&nbsp;<br>&nbsp; &nbsp; &nbsp; &nbsp; &nbsp; &nbsp; &nbsp; &nbsp; &nbsp; &nbsp; &nbsp; &nbsp; &nbsp;&nbsp; &nbsp; &nbsp; &nbsp; &nbsp; &nbsp;Conseil de s\u00e9curit\u00e9 et conseil historique dans leur comit\u00e9<br>15h45 &#8211; 16h30&nbsp; &nbsp;&nbsp;&nbsp;&nbsp;&nbsp;&nbsp;&nbsp;&nbsp;&nbsp;&nbsp;&nbsp; C\u00e9r\u00e9monie de cl\u00f4ture&nbsp;<\/p>\n","protected":false},"excerpt":{"rendered":"08-09 MARS 2025PROGRAMMEMAFNU coll\u00e8ge \u00a0\u00a0\u00a0\u00a0\u00a0\u00a0\u00a0\u00a0\u00a0\u00a0\u00a0\u00a0Les d\u00e9l\u00e9gations provenant des \u00e9tablissements ext\u00e9rieurs \u00e0 Ankara sont les bienvenues \u00e0 partir du vendredi 07 mars 2025 et \n<a class=\"moretag\" href=\"https:\/\/mafnu.tfo.k12.tr\/?page_id=98\"> [...]<\/a>","protected":false},"author":1,"featured_media":0,"parent":0,"menu_order":0,"comment_status":"closed","ping_status":"closed","template":"layouts\/fullwidth.php","meta":{"footnotes":""},"_links":{"self":[{"href":"https:\/\/mafnu.tfo.k12.tr\/index.php?rest_route=\/wp\/v2\/pages\/98"}],"collection":[{"href":"https:\/\/mafnu.tfo.k12.tr\/index.php?rest_route=\/wp\/v2\/pages"}],"about":[{"href":"https:\/\/mafnu.tfo.k12.tr\/index.php?rest_route=\/wp\/v2\/types\/page"}],"author":[{"embeddable":true,"href":"https:\/\/mafnu.tfo.k12.tr\/index.php?rest_route=\/wp\/v2\/users\/1"}],"replies":[{"embeddable":true,"href":"https:\/\/mafnu.tfo.k12.tr\/index.php?rest_route=%2Fwp%2Fv2%2Fcomments&post=98"}],"version-history":[{"count":7,"href":"https:\/\/mafnu.tfo.k12.tr\/index.php?rest_route=\/wp\/v2\/pages\/98\/revisions"}],"predecessor-version":[{"id":437,"href":"https:\/\/mafnu.tfo.k12.tr\/index.php?rest_route=\/wp\/v2\/pages\/98\/revisions\/437"}],"wp:attachment":[{"href":"https:\/\/mafnu.tfo.k12.tr\/index.php?rest_route=%2Fwp%2Fv2%2Fmedia&parent=98"}],"curies":[{"name":"wp","href":"https:\/\/api.w.org\/{rel}","templated":true}]}}